{"id":137,"date":"2021-07-27T17:25:18","date_gmt":"2021-07-27T20:25:18","guid":{"rendered":"http:\/\/agrohub.com.br\/agrohub\/?page_id=137"},"modified":"2024-12-13T09:57:34","modified_gmt":"2024-12-13T12:57:34","slug":"home","status":"publish","type":"page","link":"https:\/\/agrohub.com.br\/en\/","title":{"rendered":"Management technology for greater farm efficiency"},"content":{"rendered":"<div data-elementor-type=\"wp-page\" data-elementor-id=\"137\" class=\"elementor elementor-137\" data-elementor-post-type=\"page\">\n\t\t\t\t\t\t<section data-particle_enable=\"false\" data-particle-mobile-disabled=\"false\" class=\"elementor-section elementor-top-section elementor-element elementor-element-139b6804 elementor-section-boxed elementor-section-height-default elementor-section-height-default\" data-id=\"139b6804\" data-element_type=\"section\" data-e-type=\"section\">\n\t\t\t\t\t\t<div class=\"elementor-container elementor-column-gap-default\">\n\t\t\t\t\t<div class=\"elementor-column elementor-col-100 elementor-top-column elementor-element elementor-element-6efd2bb4\" data-id=\"6efd2bb4\" data-element_type=\"column\" data-e-type=\"column\">\n\t\t\t<div class=\"elementor-widget-wrap elementor-element-populated\">\n\t\t\t\t\t\t<div class=\"elementor-element elementor-element-7a57addd elementor-widget elementor-widget-text-editor\" data-id=\"7a57addd\" data-element_type=\"widget\" data-e-type=\"widget\" data-widget_type=\"text-editor.default\">\n\t\t\t\t<div class=\"elementor-widget-container\">\n\t\t\t\t\t\t\t\t\t<p><strong>Professionalize the management of your farm and optimize results with AgroHUB, the software with essential management practices.<\/strong><\/p><p>The gateway to the new era of agribusiness. Be part of this digital transformation and increase the performance of your farm.<\/p>\t\t\t\t\t\t\t\t<\/div>\n\t\t\t\t<\/div>\n\t\t\t\t\t<\/div>\n\t\t<\/div>\n\t\t\t\t\t<\/div>\n\t\t<\/section>\n\t\t\t\t<\/div>","protected":false},"excerpt":{"rendered":"<p>Profissionalize a gest\u00e3o da sua fazenda e otimize os resultados com AgroHUB, o software com pr\u00e1ticas essenciais de gerenciamento. A porteira de entrada para a nova era do agroneg\u00f3cio. Fa\u00e7a parte dessa transforma\u00e7\u00e3o digital [&hellip;]<\/p>\n","protected":false},"author":1,"featured_media":3238,"parent":0,"menu_order":41,"comment_status":"closed","ping_status":"open","template":"index.php","meta":{"_acf_changed":false,"_eb_attr":"","_joinchat":[],"footnotes":""},"class_list":["post-137","page","type-page","status-publish","has-post-thumbnail","hentry"],"acf":[],"yoast_head":"<!-- This site is optimized with the Yoast SEO plugin v27.0 - https:\/\/yoast.com\/product\/yoast-seo-wordpress\/ -->\n<title>Tecnologia em gest\u00e3o para maior efici\u00eancia das fazendas - AgroHUB<\/title>\n<meta name=\"robots\" content=\"index, follow, max-snippet:-1, max-image-preview:large, max-video-preview:-1\" \/>\n<link rel=\"canonical\" href=\"https:\/\/agrohub.com.br\/en\/\" \/>\n<meta property=\"og:locale\" content=\"en_US\" \/>\n<meta property=\"og:type\" content=\"article\" \/>\n<meta property=\"og:title\" content=\"Tecnologia em gest\u00e3o para maior efici\u00eancia das fazendas - AgroHUB\" \/>\n<meta property=\"og:description\" content=\"Profissionalize a gest\u00e3o da sua fazenda e otimize os resultados com AgroHUB, o software com pr\u00e1ticas essenciais de gerenciamento. A porteira de entrada para a nova era do agroneg\u00f3cio. Fa\u00e7a parte dessa transforma\u00e7\u00e3o digital [&hellip;]\" \/>\n<meta property=\"og:url\" content=\"https:\/\/agrohub.com.br\/en\/\" \/>\n<meta property=\"og:site_name\" content=\"AgroHUB\" \/>\n<meta property=\"article:modified_time\" content=\"2024-12-13T12:57:34+00:00\" \/>\n<meta property=\"og:image\" content=\"https:\/\/agrohub.com.br\/wp-content\/uploads\/2024\/12\/Versao-gratuita-disponivel.png\" \/>\n\t<meta property=\"og:image:width\" content=\"1008\" \/>\n\t<meta property=\"og:image:height\" content=\"727\" \/>\n\t<meta property=\"og:image:type\" content=\"image\/png\" \/>\n<meta name=\"twitter:card\" content=\"summary_large_image\" \/>\n<meta name=\"twitter:label1\" content=\"Est. reading time\" \/>\n\t<meta name=\"twitter:data1\" content=\"1 minute\" \/>\n<script type=\"application\/ld+json\" class=\"yoast-schema-graph\">{\"@context\":\"https:\/\/schema.org\",\"@graph\":[{\"@type\":\"WebPage\",\"@id\":\"https:\/\/agrohub.com.br\/\",\"url\":\"https:\/\/agrohub.com.br\/\",\"name\":\"Tecnologia em gest\u00e3o para maior efici\u00eancia das fazendas - AgroHUB\",\"isPartOf\":{\"@id\":\"https:\/\/agrohub.com.br\/#website\"},\"primaryImageOfPage\":{\"@id\":\"https:\/\/agrohub.com.br\/#primaryimage\"},\"image\":{\"@id\":\"https:\/\/agrohub.com.br\/#primaryimage\"},\"thumbnailUrl\":\"https:\/\/agrohub.com.br\/wp-content\/uploads\/2024\/12\/Versao-gratuita-disponivel.png\",\"datePublished\":\"2021-07-27T20:25:18+00:00\",\"dateModified\":\"2024-12-13T12:57:34+00:00\",\"breadcrumb\":{\"@id\":\"https:\/\/agrohub.com.br\/#breadcrumb\"},\"inLanguage\":\"en-US\",\"potentialAction\":[{\"@type\":\"ReadAction\",\"target\":[\"https:\/\/agrohub.com.br\/\"]}]},{\"@type\":\"ImageObject\",\"inLanguage\":\"en-US\",\"@id\":\"https:\/\/agrohub.com.br\/#primaryimage\",\"url\":\"https:\/\/agrohub.com.br\/wp-content\/uploads\/2024\/12\/Versao-gratuita-disponivel.png\",\"contentUrl\":\"https:\/\/agrohub.com.br\/wp-content\/uploads\/2024\/12\/Versao-gratuita-disponivel.png\",\"width\":1008,\"height\":727},{\"@type\":\"BreadcrumbList\",\"@id\":\"https:\/\/agrohub.com.br\/#breadcrumb\",\"itemListElement\":[{\"@type\":\"ListItem\",\"position\":1,\"name\":\"In\u00edcio\",\"item\":\"https:\/\/agrohub.com.br\/\"},{\"@type\":\"ListItem\",\"position\":2,\"name\":\"Tecnologia em gest\u00e3o para maior efici\u00eancia das fazendas\"}]},{\"@type\":\"WebSite\",\"@id\":\"https:\/\/agrohub.com.br\/#website\",\"url\":\"https:\/\/agrohub.com.br\/\",\"name\":\"AgroHUB\",\"description\":\"\",\"potentialAction\":[{\"@type\":\"SearchAction\",\"target\":{\"@type\":\"EntryPoint\",\"urlTemplate\":\"https:\/\/agrohub.com.br\/?s={search_term_string}\"},\"query-input\":{\"@type\":\"PropertyValueSpecification\",\"valueRequired\":true,\"valueName\":\"search_term_string\"}}],\"inLanguage\":\"en-US\"}]}<\/script>\n<!-- \/ Yoast SEO plugin. -->","yoast_head_json":{"title":"Tecnologia em gest\u00e3o para maior efici\u00eancia das fazendas - AgroHUB","robots":{"index":"index","follow":"follow","max-snippet":"max-snippet:-1","max-image-preview":"max-image-preview:large","max-video-preview":"max-video-preview:-1"},"canonical":"https:\/\/agrohub.com.br\/en\/","og_locale":"en_US","og_type":"article","og_title":"Tecnologia em gest\u00e3o para maior efici\u00eancia das fazendas - AgroHUB","og_description":"Profissionalize a gest\u00e3o da sua fazenda e otimize os resultados com AgroHUB, o software com pr\u00e1ticas essenciais de gerenciamento. A porteira de entrada para a nova era do agroneg\u00f3cio. Fa\u00e7a parte dessa transforma\u00e7\u00e3o digital [&hellip;]","og_url":"https:\/\/agrohub.com.br\/en\/","og_site_name":"AgroHUB","article_modified_time":"2024-12-13T12:57:34+00:00","og_image":[{"width":1008,"height":727,"url":"https:\/\/agrohub.com.br\/wp-content\/uploads\/2024\/12\/Versao-gratuita-disponivel.png","type":"image\/png"}],"twitter_card":"summary_large_image","twitter_misc":{"Est. reading time":"1 minute"},"schema":{"@context":"https:\/\/schema.org","@graph":[{"@type":"WebPage","@id":"https:\/\/agrohub.com.br\/","url":"https:\/\/agrohub.com.br\/","name":"Tecnologia em gest\u00e3o para maior efici\u00eancia das fazendas - AgroHUB","isPartOf":{"@id":"https:\/\/agrohub.com.br\/#website"},"primaryImageOfPage":{"@id":"https:\/\/agrohub.com.br\/#primaryimage"},"image":{"@id":"https:\/\/agrohub.com.br\/#primaryimage"},"thumbnailUrl":"https:\/\/agrohub.com.br\/wp-content\/uploads\/2024\/12\/Versao-gratuita-disponivel.png","datePublished":"2021-07-27T20:25:18+00:00","dateModified":"2024-12-13T12:57:34+00:00","breadcrumb":{"@id":"https:\/\/agrohub.com.br\/#breadcrumb"},"inLanguage":"en-US","potentialAction":[{"@type":"ReadAction","target":["https:\/\/agrohub.com.br\/"]}]},{"@type":"ImageObject","inLanguage":"en-US","@id":"https:\/\/agrohub.com.br\/#primaryimage","url":"https:\/\/agrohub.com.br\/wp-content\/uploads\/2024\/12\/Versao-gratuita-disponivel.png","contentUrl":"https:\/\/agrohub.com.br\/wp-content\/uploads\/2024\/12\/Versao-gratuita-disponivel.png","width":1008,"height":727},{"@type":"BreadcrumbList","@id":"https:\/\/agrohub.com.br\/#breadcrumb","itemListElement":[{"@type":"ListItem","position":1,"name":"In\u00edcio","item":"https:\/\/agrohub.com.br\/"},{"@type":"ListItem","position":2,"name":"Tecnologia em gest\u00e3o para maior efici\u00eancia das fazendas"}]},{"@type":"WebSite","@id":"https:\/\/agrohub.com.br\/#website","url":"https:\/\/agrohub.com.br\/","name":"AgroHUB","description":"","potentialAction":[{"@type":"SearchAction","target":{"@type":"EntryPoint","urlTemplate":"https:\/\/agrohub.com.br\/?s={search_term_string}"},"query-input":{"@type":"PropertyValueSpecification","valueRequired":true,"valueName":"search_term_string"}}],"inLanguage":"en-US"}]}},"_links":{"self":[{"href":"https:\/\/agrohub.com.br\/en\/wp-json\/wp\/v2\/pages\/137","targetHints":{"allow":["GET"]}}],"collection":[{"href":"https:\/\/agrohub.com.br\/en\/wp-json\/wp\/v2\/pages"}],"about":[{"href":"https:\/\/agrohub.com.br\/en\/wp-json\/wp\/v2\/types\/page"}],"author":[{"embeddable":true,"href":"https:\/\/agrohub.com.br\/en\/wp-json\/wp\/v2\/users\/1"}],"replies":[{"embeddable":true,"href":"https:\/\/agrohub.com.br\/en\/wp-json\/wp\/v2\/comments?post=137"}],"version-history":[{"count":19,"href":"https:\/\/agrohub.com.br\/en\/wp-json\/wp\/v2\/pages\/137\/revisions"}],"predecessor-version":[{"id":3239,"href":"https:\/\/agrohub.com.br\/en\/wp-json\/wp\/v2\/pages\/137\/revisions\/3239"}],"wp:featuredmedia":[{"embeddable":true,"href":"https:\/\/agrohub.com.br\/en\/wp-json\/wp\/v2\/media\/3238"}],"wp:attachment":[{"href":"https:\/\/agrohub.com.br\/en\/wp-json\/wp\/v2\/media?parent=137"}],"curies":[{"name":"wp","href":"https:\/\/api.w.org\/{rel}","templated":true}]}}