{"id":142,"date":"2021-07-27T17:25:51","date_gmt":"2021-07-27T20:25:51","guid":{"rendered":"http:\/\/agrohub.com.br\/agrohub\/?page_id=142"},"modified":"2021-08-30T09:52:39","modified_gmt":"2021-08-30T12:52:39","slug":"quem-somos","status":"publish","type":"page","link":"https:\/\/agrohub.com.br\/en\/quem-somos\/","title":{"rendered":"Who we are"},"content":{"rendered":"<p>Somos apaixonados pelo novo. Fomentadores de inova\u00e7\u00f5es. Anal\u00edticos e vision\u00e1rios. N\u00e3o nos contentamos com o razo\u00e1vel e queremos sempre transformar a realidade no campo.<\/p>\n<p>Somos AgroHUB. Um grupo de mentes pulsantes que trabalham, todos os dias, em busca de alta performance na agropecu\u00e1ria. Valorizamos o agro como motor que impulsiona a economia nacional e coloca nossa na\u00e7\u00e3o em um patamar de protagonismo, como um dos mais importantes provedores da alimenta\u00e7\u00e3o mundial.<\/p>\n<p>Nesta perspectiva, atuamos junto a agricultores e pecuaristas, levando inova\u00e7\u00e3o e tecnologia da informa\u00e7\u00e3o com a miss\u00e3o de trazer \u00e0s propriedades rurais alta produtividade e lucratividade associadas \u00e0 preserva\u00e7\u00e3o das nossas riquezas naturais.<\/p>\n<p>Pensamos grande para que voc\u00ea chegue longe!<\/p>\n<p><del><strong>AgroHUB<\/strong><\/del><br \/>\n<del>Tecnologia em gest\u00e3o para maior efici\u00eancia das fazendas.<\/del><\/p>","protected":false},"excerpt":{"rendered":"<p>Manifesto agrohub<\/p>","protected":false},"author":1,"featured_media":233,"parent":0,"menu_order":32,"comment_status":"closed","ping_status":"open","template":"page-quem.php","meta":{"_acf_changed":false,"_eb_attr":"","_joinchat":[],"footnotes":""},"class_list":["post-142","page","type-page","status-publish","has-post-thumbnail","hentry"],"acf":[],"yoast_head":"<!-- This site is optimized with the Yoast SEO plugin v27.0 - https:\/\/yoast.com\/product\/yoast-seo-wordpress\/ -->\n<title>Quem somos - AgroHUB<\/title>\n<meta name=\"robots\" content=\"index, follow, max-snippet:-1, max-image-preview:large, max-video-preview:-1\" \/>\n<link rel=\"canonical\" href=\"https:\/\/agrohub.com.br\/en\/quem-somos\/\" \/>\n<meta property=\"og:locale\" content=\"en_US\" \/>\n<meta property=\"og:type\" content=\"article\" \/>\n<meta property=\"og:title\" content=\"Quem somos - AgroHUB\" \/>\n<meta property=\"og:description\" content=\"Manifesto agrohub\" \/>\n<meta property=\"og:url\" content=\"https:\/\/agrohub.com.br\/en\/quem-somos\/\" \/>\n<meta property=\"og:site_name\" content=\"AgroHUB\" \/>\n<meta property=\"article:modified_time\" content=\"2021-08-30T12:52:39+00:00\" \/>\n<meta property=\"og:image\" content=\"https:\/\/agrohub.com.br\/wp-content\/uploads\/2021\/07\/im_equipe_quemsomos.jpg\" \/>\n\t<meta property=\"og:image:width\" content=\"710\" \/>\n\t<meta property=\"og:image:height\" content=\"472\" \/>\n\t<meta property=\"og:image:type\" content=\"image\/jpeg\" \/>\n<meta name=\"twitter:card\" content=\"summary_large_image\" \/>\n<meta name=\"twitter:label1\" content=\"Est. reading time\" \/>\n\t<meta name=\"twitter:data1\" content=\"1 minute\" \/>\n<script type=\"application\/ld+json\" class=\"yoast-schema-graph\">{\"@context\":\"https:\/\/schema.org\",\"@graph\":[{\"@type\":\"WebPage\",\"@id\":\"https:\/\/agrohub.com.br\/quem-somos\/\",\"url\":\"https:\/\/agrohub.com.br\/quem-somos\/\",\"name\":\"Quem somos - AgroHUB\",\"isPartOf\":{\"@id\":\"https:\/\/agrohub.com.br\/#website\"},\"primaryImageOfPage\":{\"@id\":\"https:\/\/agrohub.com.br\/quem-somos\/#primaryimage\"},\"image\":{\"@id\":\"https:\/\/agrohub.com.br\/quem-somos\/#primaryimage\"},\"thumbnailUrl\":\"https:\/\/agrohub.com.br\/wp-content\/uploads\/2021\/07\/im_equipe_quemsomos.jpg\",\"datePublished\":\"2021-07-27T20:25:51+00:00\",\"dateModified\":\"2021-08-30T12:52:39+00:00\",\"breadcrumb\":{\"@id\":\"https:\/\/agrohub.com.br\/quem-somos\/#breadcrumb\"},\"inLanguage\":\"en-US\",\"potentialAction\":[{\"@type\":\"ReadAction\",\"target\":[\"https:\/\/agrohub.com.br\/quem-somos\/\"]}]},{\"@type\":\"ImageObject\",\"inLanguage\":\"en-US\",\"@id\":\"https:\/\/agrohub.com.br\/quem-somos\/#primaryimage\",\"url\":\"https:\/\/agrohub.com.br\/wp-content\/uploads\/2021\/07\/im_equipe_quemsomos.jpg\",\"contentUrl\":\"https:\/\/agrohub.com.br\/wp-content\/uploads\/2021\/07\/im_equipe_quemsomos.jpg\",\"width\":710,\"height\":472},{\"@type\":\"BreadcrumbList\",\"@id\":\"https:\/\/agrohub.com.br\/quem-somos\/#breadcrumb\",\"itemListElement\":[{\"@type\":\"ListItem\",\"position\":1,\"name\":\"In\u00edcio\",\"item\":\"https:\/\/agrohub.com.br\/\"},{\"@type\":\"ListItem\",\"position\":2,\"name\":\"Quem somos\"}]},{\"@type\":\"WebSite\",\"@id\":\"https:\/\/agrohub.com.br\/#website\",\"url\":\"https:\/\/agrohub.com.br\/\",\"name\":\"AgroHUB\",\"description\":\"\",\"potentialAction\":[{\"@type\":\"SearchAction\",\"target\":{\"@type\":\"EntryPoint\",\"urlTemplate\":\"https:\/\/agrohub.com.br\/?s={search_term_string}\"},\"query-input\":{\"@type\":\"PropertyValueSpecification\",\"valueRequired\":true,\"valueName\":\"search_term_string\"}}],\"inLanguage\":\"en-US\"}]}<\/script>\n<!-- \/ Yoast SEO plugin. -->","yoast_head_json":{"title":"Quem somos - AgroHUB","robots":{"index":"index","follow":"follow","max-snippet":"max-snippet:-1","max-image-preview":"max-image-preview:large","max-video-preview":"max-video-preview:-1"},"canonical":"https:\/\/agrohub.com.br\/en\/quem-somos\/","og_locale":"en_US","og_type":"article","og_title":"Quem somos - AgroHUB","og_description":"Manifesto agrohub","og_url":"https:\/\/agrohub.com.br\/en\/quem-somos\/","og_site_name":"AgroHUB","article_modified_time":"2021-08-30T12:52:39+00:00","og_image":[{"width":710,"height":472,"url":"https:\/\/agrohub.com.br\/wp-content\/uploads\/2021\/07\/im_equipe_quemsomos.jpg","type":"image\/jpeg"}],"twitter_card":"summary_large_image","twitter_misc":{"Est. reading time":"1 minute"},"schema":{"@context":"https:\/\/schema.org","@graph":[{"@type":"WebPage","@id":"https:\/\/agrohub.com.br\/quem-somos\/","url":"https:\/\/agrohub.com.br\/quem-somos\/","name":"Quem somos - AgroHUB","isPartOf":{"@id":"https:\/\/agrohub.com.br\/#website"},"primaryImageOfPage":{"@id":"https:\/\/agrohub.com.br\/quem-somos\/#primaryimage"},"image":{"@id":"https:\/\/agrohub.com.br\/quem-somos\/#primaryimage"},"thumbnailUrl":"https:\/\/agrohub.com.br\/wp-content\/uploads\/2021\/07\/im_equipe_quemsomos.jpg","datePublished":"2021-07-27T20:25:51+00:00","dateModified":"2021-08-30T12:52:39+00:00","breadcrumb":{"@id":"https:\/\/agrohub.com.br\/quem-somos\/#breadcrumb"},"inLanguage":"en-US","potentialAction":[{"@type":"ReadAction","target":["https:\/\/agrohub.com.br\/quem-somos\/"]}]},{"@type":"ImageObject","inLanguage":"en-US","@id":"https:\/\/agrohub.com.br\/quem-somos\/#primaryimage","url":"https:\/\/agrohub.com.br\/wp-content\/uploads\/2021\/07\/im_equipe_quemsomos.jpg","contentUrl":"https:\/\/agrohub.com.br\/wp-content\/uploads\/2021\/07\/im_equipe_quemsomos.jpg","width":710,"height":472},{"@type":"BreadcrumbList","@id":"https:\/\/agrohub.com.br\/quem-somos\/#breadcrumb","itemListElement":[{"@type":"ListItem","position":1,"name":"In\u00edcio","item":"https:\/\/agrohub.com.br\/"},{"@type":"ListItem","position":2,"name":"Quem somos"}]},{"@type":"WebSite","@id":"https:\/\/agrohub.com.br\/#website","url":"https:\/\/agrohub.com.br\/","name":"AgroHUB","description":"","potentialAction":[{"@type":"SearchAction","target":{"@type":"EntryPoint","urlTemplate":"https:\/\/agrohub.com.br\/?s={search_term_string}"},"query-input":{"@type":"PropertyValueSpecification","valueRequired":true,"valueName":"search_term_string"}}],"inLanguage":"en-US"}]}},"_links":{"self":[{"href":"https:\/\/agrohub.com.br\/en\/wp-json\/wp\/v2\/pages\/142","targetHints":{"allow":["GET"]}}],"collection":[{"href":"https:\/\/agrohub.com.br\/en\/wp-json\/wp\/v2\/pages"}],"about":[{"href":"https:\/\/agrohub.com.br\/en\/wp-json\/wp\/v2\/types\/page"}],"author":[{"embeddable":true,"href":"https:\/\/agrohub.com.br\/en\/wp-json\/wp\/v2\/users\/1"}],"replies":[{"embeddable":true,"href":"https:\/\/agrohub.com.br\/en\/wp-json\/wp\/v2\/comments?post=142"}],"version-history":[{"count":3,"href":"https:\/\/agrohub.com.br\/en\/wp-json\/wp\/v2\/pages\/142\/revisions"}],"predecessor-version":[{"id":723,"href":"https:\/\/agrohub.com.br\/en\/wp-json\/wp\/v2\/pages\/142\/revisions\/723"}],"wp:featuredmedia":[{"embeddable":true,"href":"https:\/\/agrohub.com.br\/en\/wp-json\/wp\/v2\/media\/233"}],"wp:attachment":[{"href":"https:\/\/agrohub.com.br\/en\/wp-json\/wp\/v2\/media?parent=142"}],"curies":[{"name":"wp","href":"https:\/\/api.w.org\/{rel}","templated":true}]}}