{"id":1458,"date":"2022-05-23T19:01:11","date_gmt":"2022-05-23T22:01:11","guid":{"rendered":"http:\/\/agrohub.com.br\/?page_id=1458"},"modified":"2022-05-27T13:48:47","modified_gmt":"2022-05-27T16:48:47","slug":"guia-facil","status":"publish","type":"page","link":"https:\/\/agrohub.com.br\/en\/guia-facil\/","title":{"rendered":"Guia F\u00e1cil"},"content":{"rendered":"<h2 style=\"text-align: center;\"><strong>Informa\u00e7\u00e3o f\u00e1cil ao alcance de todos!<\/strong><\/h2>\n<p>Conhecimento para mais produtividade! Este \u00e9 o objetivo do Guia F\u00e1cil, uma s\u00e9rie de materiais para orientar os usu\u00e1rios do AgroHUB, de forma simples e pr\u00e1tica, em melhores pr\u00e1ticas para a utiliza\u00e7\u00e3o do sistema.<\/p>\n<p>Em cada material, voc\u00ea encontra uma apresenta\u00e7\u00e3o de como o uso da funcionalidade auxilia na gest\u00e3o da sua propriedade e links de acesso aos v\u00eddeos de treinamento para realizar as opera\u00e7\u00f5es.<\/p>\n<p>Basta clicar nos links abaixo para acessar os materiais. Boa leitura!<\/p>","protected":false},"excerpt":{"rendered":"<p>Informa\u00e7\u00e3o f\u00e1cil ao alcance de todos! Conhecimento para mais produtividade! Este \u00e9 o objetivo do Guia F\u00e1cil, uma s\u00e9rie de materiais para orientar os usu\u00e1rios do AgroHUB, de forma simples e pr\u00e1tica, em melhores [&hellip;]<\/p>\n","protected":false},"author":1,"featured_media":0,"parent":0,"menu_order":26,"comment_status":"closed","ping_status":"closed","template":"page-guia.php","meta":{"_acf_changed":false,"_eb_attr":"","_joinchat":[],"footnotes":""},"class_list":["post-1458","page","type-page","status-publish","hentry"],"acf":[],"yoast_head":"<!-- This site is optimized with the Yoast SEO plugin v27.0 - https:\/\/yoast.com\/product\/yoast-seo-wordpress\/ -->\n<title>Guia F\u00e1cil - AgroHUB<\/title>\n<meta name=\"robots\" content=\"index, follow, max-snippet:-1, max-image-preview:large, max-video-preview:-1\" \/>\n<link rel=\"canonical\" href=\"https:\/\/agrohub.com.br\/en\/guia-facil\/\" \/>\n<meta property=\"og:locale\" content=\"en_US\" \/>\n<meta property=\"og:type\" content=\"article\" \/>\n<meta property=\"og:title\" content=\"Guia F\u00e1cil - AgroHUB\" \/>\n<meta property=\"og:description\" content=\"Informa\u00e7\u00e3o f\u00e1cil ao alcance de todos! Conhecimento para mais produtividade! Este \u00e9 o objetivo do Guia F\u00e1cil, uma s\u00e9rie de materiais para orientar os usu\u00e1rios do AgroHUB, de forma simples e pr\u00e1tica, em melhores [&hellip;]\" \/>\n<meta property=\"og:url\" content=\"https:\/\/agrohub.com.br\/en\/guia-facil\/\" \/>\n<meta property=\"og:site_name\" content=\"AgroHUB\" \/>\n<meta property=\"article:modified_time\" content=\"2022-05-27T16:48:47+00:00\" \/>\n<meta name=\"twitter:card\" content=\"summary_large_image\" \/>\n<meta name=\"twitter:label1\" content=\"Est. reading time\" \/>\n\t<meta name=\"twitter:data1\" content=\"1 minute\" \/>\n<script type=\"application\/ld+json\" class=\"yoast-schema-graph\">{\"@context\":\"https:\/\/schema.org\",\"@graph\":[{\"@type\":\"WebPage\",\"@id\":\"https:\/\/agrohub.com.br\/guia-facil\/\",\"url\":\"https:\/\/agrohub.com.br\/guia-facil\/\",\"name\":\"Guia F\u00e1cil - AgroHUB\",\"isPartOf\":{\"@id\":\"https:\/\/agrohub.com.br\/#website\"},\"datePublished\":\"2022-05-23T22:01:11+00:00\",\"dateModified\":\"2022-05-27T16:48:47+00:00\",\"breadcrumb\":{\"@id\":\"https:\/\/agrohub.com.br\/guia-facil\/#breadcrumb\"},\"inLanguage\":\"en-US\",\"potentialAction\":[{\"@type\":\"ReadAction\",\"target\":[\"https:\/\/agrohub.com.br\/guia-facil\/\"]}]},{\"@type\":\"BreadcrumbList\",\"@id\":\"https:\/\/agrohub.com.br\/guia-facil\/#breadcrumb\",\"itemListElement\":[{\"@type\":\"ListItem\",\"position\":1,\"name\":\"In\u00edcio\",\"item\":\"https:\/\/agrohub.com.br\/\"},{\"@type\":\"ListItem\",\"position\":2,\"name\":\"Guia F\u00e1cil\"}]},{\"@type\":\"WebSite\",\"@id\":\"https:\/\/agrohub.com.br\/#website\",\"url\":\"https:\/\/agrohub.com.br\/\",\"name\":\"AgroHUB\",\"description\":\"\",\"potentialAction\":[{\"@type\":\"SearchAction\",\"target\":{\"@type\":\"EntryPoint\",\"urlTemplate\":\"https:\/\/agrohub.com.br\/?s={search_term_string}\"},\"query-input\":{\"@type\":\"PropertyValueSpecification\",\"valueRequired\":true,\"valueName\":\"search_term_string\"}}],\"inLanguage\":\"en-US\"}]}<\/script>\n<!-- \/ Yoast SEO plugin. -->","yoast_head_json":{"title":"Guia F\u00e1cil - AgroHUB","robots":{"index":"index","follow":"follow","max-snippet":"max-snippet:-1","max-image-preview":"max-image-preview:large","max-video-preview":"max-video-preview:-1"},"canonical":"https:\/\/agrohub.com.br\/en\/guia-facil\/","og_locale":"en_US","og_type":"article","og_title":"Guia F\u00e1cil - AgroHUB","og_description":"Informa\u00e7\u00e3o f\u00e1cil ao alcance de todos! Conhecimento para mais produtividade! Este \u00e9 o objetivo do Guia F\u00e1cil, uma s\u00e9rie de materiais para orientar os usu\u00e1rios do AgroHUB, de forma simples e pr\u00e1tica, em melhores [&hellip;]","og_url":"https:\/\/agrohub.com.br\/en\/guia-facil\/","og_site_name":"AgroHUB","article_modified_time":"2022-05-27T16:48:47+00:00","twitter_card":"summary_large_image","twitter_misc":{"Est. reading time":"1 minute"},"schema":{"@context":"https:\/\/schema.org","@graph":[{"@type":"WebPage","@id":"https:\/\/agrohub.com.br\/guia-facil\/","url":"https:\/\/agrohub.com.br\/guia-facil\/","name":"Guia F\u00e1cil - AgroHUB","isPartOf":{"@id":"https:\/\/agrohub.com.br\/#website"},"datePublished":"2022-05-23T22:01:11+00:00","dateModified":"2022-05-27T16:48:47+00:00","breadcrumb":{"@id":"https:\/\/agrohub.com.br\/guia-facil\/#breadcrumb"},"inLanguage":"en-US","potentialAction":[{"@type":"ReadAction","target":["https:\/\/agrohub.com.br\/guia-facil\/"]}]},{"@type":"BreadcrumbList","@id":"https:\/\/agrohub.com.br\/guia-facil\/#breadcrumb","itemListElement":[{"@type":"ListItem","position":1,"name":"In\u00edcio","item":"https:\/\/agrohub.com.br\/"},{"@type":"ListItem","position":2,"name":"Guia F\u00e1cil"}]},{"@type":"WebSite","@id":"https:\/\/agrohub.com.br\/#website","url":"https:\/\/agrohub.com.br\/","name":"AgroHUB","description":"","potentialAction":[{"@type":"SearchAction","target":{"@type":"EntryPoint","urlTemplate":"https:\/\/agrohub.com.br\/?s={search_term_string}"},"query-input":{"@type":"PropertyValueSpecification","valueRequired":true,"valueName":"search_term_string"}}],"inLanguage":"en-US"}]}},"_links":{"self":[{"href":"https:\/\/agrohub.com.br\/en\/wp-json\/wp\/v2\/pages\/1458","targetHints":{"allow":["GET"]}}],"collection":[{"href":"https:\/\/agrohub.com.br\/en\/wp-json\/wp\/v2\/pages"}],"about":[{"href":"https:\/\/agrohub.com.br\/en\/wp-json\/wp\/v2\/types\/page"}],"author":[{"embeddable":true,"href":"https:\/\/agrohub.com.br\/en\/wp-json\/wp\/v2\/users\/1"}],"replies":[{"embeddable":true,"href":"https:\/\/agrohub.com.br\/en\/wp-json\/wp\/v2\/comments?post=1458"}],"version-history":[{"count":4,"href":"https:\/\/agrohub.com.br\/en\/wp-json\/wp\/v2\/pages\/1458\/revisions"}],"predecessor-version":[{"id":1494,"href":"https:\/\/agrohub.com.br\/en\/wp-json\/wp\/v2\/pages\/1458\/revisions\/1494"}],"wp:attachment":[{"href":"https:\/\/agrohub.com.br\/en\/wp-json\/wp\/v2\/media?parent=1458"}],"curies":[{"name":"wp","href":"https:\/\/api.w.org\/{rel}","templated":true}]}}