{"id":150,"date":"2021-07-27T17:27:03","date_gmt":"2021-07-27T20:27:03","guid":{"rendered":"http:\/\/agrohub.com.br\/agrohub\/?page_id=150"},"modified":"2024-06-12T14:38:30","modified_gmt":"2024-06-12T17:38:30","slug":"funcionalidades","status":"publish","type":"page","link":"https:\/\/agrohub.com.br\/en\/funcionalidades\/","title":{"rendered":"Features"},"content":{"rendered":"<div data-elementor-type=\"wp-page\" data-elementor-id=\"150\" class=\"elementor elementor-150\" data-elementor-post-type=\"page\">\n\t\t\t\t\t\t<section data-particle_enable=\"false\" data-particle-mobile-disabled=\"false\" class=\"elementor-section elementor-top-section elementor-element elementor-element-29a26be3 elementor-section-boxed elementor-section-height-default elementor-section-height-default\" data-id=\"29a26be3\" data-element_type=\"section\" data-e-type=\"section\">\n\t\t\t\t\t\t<div class=\"elementor-container elementor-column-gap-default\">\n\t\t\t\t\t<div class=\"elementor-column elementor-col-100 elementor-top-column elementor-element elementor-element-5ead2651\" data-id=\"5ead2651\" data-element_type=\"column\" data-e-type=\"column\">\n\t\t\t<div class=\"elementor-widget-wrap elementor-element-populated\">\n\t\t\t\t\t\t<div class=\"elementor-element elementor-element-540c71f8 elementor-widget elementor-widget-text-editor\" data-id=\"540c71f8\" data-element_type=\"widget\" data-e-type=\"widget\" data-widget_type=\"text-editor.default\">\n\t\t\t\t<div class=\"elementor-widget-container\">\n\t\t\t\t\t\t\t\t\t<h2>Features <strong>pagas<\/strong><\/h2><p>O AgroHUB \u00e9 um software completo para a gest\u00e3o de fazendas. Com o m\u00f3dulo gratuito \u00e9 poss\u00edvel fazer um acompanhamento integral dos processos essenciais da fazenda. J\u00e1 com as funcionalidades pagas, direcionada para os profissionais e empresas que desejam fazer um controle avan\u00e7ado dos processos, \u00e9 poss\u00edvel realizar an\u00e1lises mais refinadas das informa\u00e7\u00f5es, a fim de tomadas de decis\u00e3o estrat\u00e9gicas baseadas em indicadores.<\/p><div class=\"wp-block-columns has-black-color has-white-background-color has-text-color has-background has-link-color\"><div class=\"wp-block-column\" style=\"flex-basis: 33.33%;\"><p><!-- \/wp:essential-blocks\/pricing-table --><\/p><\/div><p><!-- \/wp:column --><\/p><\/div><p><!-- \/wp:columns --><\/p>\t\t\t\t\t\t\t\t<\/div>\n\t\t\t\t<\/div>\n\t\t\t\t\t<\/div>\n\t\t<\/div>\n\t\t\t\t\t<\/div>\n\t\t<\/section>\n\t\t\t\t<\/div>","protected":false},"excerpt":{"rendered":"<p>Conhe\u00e7a todos os m\u00f3dulos do AgroHUB e saiba como nossas funcionalidades podem te ajudar no dia a dia na fazenda. Criamos funcionalidades extras para aperfei\u00e7oar o monitoramento e an\u00e1lise de dados em v\u00e1rias \u00e1reas de atua\u00e7\u00e3o na propriedade. \u00c9 a tecnologia que melhora os processos e os ganhos no campo. A sua experi\u00eancia como usu\u00e1rio importa muito para n\u00f3s.<\/p>","protected":false},"author":1,"featured_media":379,"parent":0,"menu_order":29,"comment_status":"closed","ping_status":"closed","template":"page-funcionalidades.php","meta":{"_acf_changed":false,"_eb_attr":"","_joinchat":[],"footnotes":""},"class_list":["post-150","page","type-page","status-publish","has-post-thumbnail","hentry"],"acf":[],"yoast_head":"<!-- This site is optimized with the Yoast SEO plugin v27.0 - https:\/\/yoast.com\/product\/yoast-seo-wordpress\/ -->\n<title>Funcionalidades - AgroHUB<\/title>\n<meta name=\"robots\" content=\"index, follow, max-snippet:-1, max-image-preview:large, max-video-preview:-1\" \/>\n<link rel=\"canonical\" href=\"https:\/\/agrohub.com.br\/en\/funcionalidades\/\" \/>\n<meta property=\"og:locale\" content=\"en_US\" \/>\n<meta property=\"og:type\" content=\"article\" \/>\n<meta property=\"og:title\" content=\"Funcionalidades - AgroHUB\" \/>\n<meta property=\"og:description\" content=\"Conhe\u00e7a todos os m\u00f3dulos do AgroHUB e saiba como nossas funcionalidades podem te ajudar no dia a dia na fazenda. Criamos funcionalidades extras para aperfei\u00e7oar o monitoramento e an\u00e1lise de dados em v\u00e1rias \u00e1reas de atua\u00e7\u00e3o na propriedade. \u00c9 a tecnologia que melhora os processos e os ganhos no campo. A sua experi\u00eancia como usu\u00e1rio importa muito para n\u00f3s.\" \/>\n<meta property=\"og:url\" content=\"https:\/\/agrohub.com.br\/en\/funcionalidades\/\" \/>\n<meta property=\"og:site_name\" content=\"AgroHUB\" \/>\n<meta property=\"article:modified_time\" content=\"2024-06-12T17:38:30+00:00\" \/>\n<meta property=\"og:image\" content=\"https:\/\/agrohub.com.br\/wp-content\/uploads\/2021\/08\/topo_funcionalidades.png\" \/>\n\t<meta property=\"og:image:width\" content=\"1008\" \/>\n\t<meta property=\"og:image:height\" content=\"727\" \/>\n\t<meta property=\"og:image:type\" content=\"image\/png\" \/>\n<meta name=\"twitter:card\" content=\"summary_large_image\" \/>\n<meta name=\"twitter:label1\" content=\"Est. reading time\" \/>\n\t<meta name=\"twitter:data1\" content=\"1 minute\" \/>\n<script type=\"application\/ld+json\" class=\"yoast-schema-graph\">{\"@context\":\"https:\/\/schema.org\",\"@graph\":[{\"@type\":\"WebPage\",\"@id\":\"https:\/\/agrohub.com.br\/funcionalidades\/\",\"url\":\"https:\/\/agrohub.com.br\/funcionalidades\/\",\"name\":\"Funcionalidades - AgroHUB\",\"isPartOf\":{\"@id\":\"https:\/\/agrohub.com.br\/#website\"},\"primaryImageOfPage\":{\"@id\":\"https:\/\/agrohub.com.br\/funcionalidades\/#primaryimage\"},\"image\":{\"@id\":\"https:\/\/agrohub.com.br\/funcionalidades\/#primaryimage\"},\"thumbnailUrl\":\"https:\/\/agrohub.com.br\/wp-content\/uploads\/2021\/08\/topo_funcionalidades.png\",\"datePublished\":\"2021-07-27T20:27:03+00:00\",\"dateModified\":\"2024-06-12T17:38:30+00:00\",\"breadcrumb\":{\"@id\":\"https:\/\/agrohub.com.br\/funcionalidades\/#breadcrumb\"},\"inLanguage\":\"en-US\",\"potentialAction\":[{\"@type\":\"ReadAction\",\"target\":[\"https:\/\/agrohub.com.br\/funcionalidades\/\"]}]},{\"@type\":\"ImageObject\",\"inLanguage\":\"en-US\",\"@id\":\"https:\/\/agrohub.com.br\/funcionalidades\/#primaryimage\",\"url\":\"https:\/\/agrohub.com.br\/wp-content\/uploads\/2021\/08\/topo_funcionalidades.png\",\"contentUrl\":\"https:\/\/agrohub.com.br\/wp-content\/uploads\/2021\/08\/topo_funcionalidades.png\",\"width\":1008,\"height\":727},{\"@type\":\"BreadcrumbList\",\"@id\":\"https:\/\/agrohub.com.br\/funcionalidades\/#breadcrumb\",\"itemListElement\":[{\"@type\":\"ListItem\",\"position\":1,\"name\":\"In\u00edcio\",\"item\":\"https:\/\/agrohub.com.br\/\"},{\"@type\":\"ListItem\",\"position\":2,\"name\":\"Funcionalidades\"}]},{\"@type\":\"WebSite\",\"@id\":\"https:\/\/agrohub.com.br\/#website\",\"url\":\"https:\/\/agrohub.com.br\/\",\"name\":\"AgroHUB\",\"description\":\"\",\"potentialAction\":[{\"@type\":\"SearchAction\",\"target\":{\"@type\":\"EntryPoint\",\"urlTemplate\":\"https:\/\/agrohub.com.br\/?s={search_term_string}\"},\"query-input\":{\"@type\":\"PropertyValueSpecification\",\"valueRequired\":true,\"valueName\":\"search_term_string\"}}],\"inLanguage\":\"en-US\"}]}<\/script>\n<!-- \/ Yoast SEO plugin. -->","yoast_head_json":{"title":"Funcionalidades - AgroHUB","robots":{"index":"index","follow":"follow","max-snippet":"max-snippet:-1","max-image-preview":"max-image-preview:large","max-video-preview":"max-video-preview:-1"},"canonical":"https:\/\/agrohub.com.br\/en\/funcionalidades\/","og_locale":"en_US","og_type":"article","og_title":"Funcionalidades - AgroHUB","og_description":"Conhe\u00e7a todos os m\u00f3dulos do AgroHUB e saiba como nossas funcionalidades podem te ajudar no dia a dia na fazenda. Criamos funcionalidades extras para aperfei\u00e7oar o monitoramento e an\u00e1lise de dados em v\u00e1rias \u00e1reas de atua\u00e7\u00e3o na propriedade. \u00c9 a tecnologia que melhora os processos e os ganhos no campo. A sua experi\u00eancia como usu\u00e1rio importa muito para n\u00f3s.","og_url":"https:\/\/agrohub.com.br\/en\/funcionalidades\/","og_site_name":"AgroHUB","article_modified_time":"2024-06-12T17:38:30+00:00","og_image":[{"width":1008,"height":727,"url":"https:\/\/agrohub.com.br\/wp-content\/uploads\/2021\/08\/topo_funcionalidades.png","type":"image\/png"}],"twitter_card":"summary_large_image","twitter_misc":{"Est. reading time":"1 minute"},"schema":{"@context":"https:\/\/schema.org","@graph":[{"@type":"WebPage","@id":"https:\/\/agrohub.com.br\/funcionalidades\/","url":"https:\/\/agrohub.com.br\/funcionalidades\/","name":"Funcionalidades - AgroHUB","isPartOf":{"@id":"https:\/\/agrohub.com.br\/#website"},"primaryImageOfPage":{"@id":"https:\/\/agrohub.com.br\/funcionalidades\/#primaryimage"},"image":{"@id":"https:\/\/agrohub.com.br\/funcionalidades\/#primaryimage"},"thumbnailUrl":"https:\/\/agrohub.com.br\/wp-content\/uploads\/2021\/08\/topo_funcionalidades.png","datePublished":"2021-07-27T20:27:03+00:00","dateModified":"2024-06-12T17:38:30+00:00","breadcrumb":{"@id":"https:\/\/agrohub.com.br\/funcionalidades\/#breadcrumb"},"inLanguage":"en-US","potentialAction":[{"@type":"ReadAction","target":["https:\/\/agrohub.com.br\/funcionalidades\/"]}]},{"@type":"ImageObject","inLanguage":"en-US","@id":"https:\/\/agrohub.com.br\/funcionalidades\/#primaryimage","url":"https:\/\/agrohub.com.br\/wp-content\/uploads\/2021\/08\/topo_funcionalidades.png","contentUrl":"https:\/\/agrohub.com.br\/wp-content\/uploads\/2021\/08\/topo_funcionalidades.png","width":1008,"height":727},{"@type":"BreadcrumbList","@id":"https:\/\/agrohub.com.br\/funcionalidades\/#breadcrumb","itemListElement":[{"@type":"ListItem","position":1,"name":"In\u00edcio","item":"https:\/\/agrohub.com.br\/"},{"@type":"ListItem","position":2,"name":"Funcionalidades"}]},{"@type":"WebSite","@id":"https:\/\/agrohub.com.br\/#website","url":"https:\/\/agrohub.com.br\/","name":"AgroHUB","description":"","potentialAction":[{"@type":"SearchAction","target":{"@type":"EntryPoint","urlTemplate":"https:\/\/agrohub.com.br\/?s={search_term_string}"},"query-input":{"@type":"PropertyValueSpecification","valueRequired":true,"valueName":"search_term_string"}}],"inLanguage":"en-US"}]}},"_links":{"self":[{"href":"https:\/\/agrohub.com.br\/en\/wp-json\/wp\/v2\/pages\/150","targetHints":{"allow":["GET"]}}],"collection":[{"href":"https:\/\/agrohub.com.br\/en\/wp-json\/wp\/v2\/pages"}],"about":[{"href":"https:\/\/agrohub.com.br\/en\/wp-json\/wp\/v2\/types\/page"}],"author":[{"embeddable":true,"href":"https:\/\/agrohub.com.br\/en\/wp-json\/wp\/v2\/users\/1"}],"replies":[{"embeddable":true,"href":"https:\/\/agrohub.com.br\/en\/wp-json\/wp\/v2\/comments?post=150"}],"version-history":[{"count":11,"href":"https:\/\/agrohub.com.br\/en\/wp-json\/wp\/v2\/pages\/150\/revisions"}],"predecessor-version":[{"id":2563,"href":"https:\/\/agrohub.com.br\/en\/wp-json\/wp\/v2\/pages\/150\/revisions\/2563"}],"wp:featuredmedia":[{"embeddable":true,"href":"https:\/\/agrohub.com.br\/en\/wp-json\/wp\/v2\/media\/379"}],"wp:attachment":[{"href":"https:\/\/agrohub.com.br\/en\/wp-json\/wp\/v2\/media?parent=150"}],"curies":[{"name":"wp","href":"https:\/\/api.w.org\/{rel}","templated":true}]}}