{"id":1840,"date":"2023-10-11T18:23:08","date_gmt":"2023-10-11T21:23:08","guid":{"rendered":"https:\/\/agrohub.com.br\/?page_id=1840"},"modified":"2024-03-04T20:31:55","modified_gmt":"2024-03-04T23:31:55","slug":"controle-individual","status":"publish","type":"page","link":"https:\/\/agrohub.com.br\/en\/agrohub-mais\/controle-individual\/","title":{"rendered":"Individual Control"},"content":{"rendered":"<p>Este \u00e9 o produto para a fazenda que deseja controlar seus animais de forma individual. Atrav\u00e9s desta fun\u00e7\u00e3o, voc\u00ea poder\u00e1 consultar e registrar as opera\u00e7\u00f5es de forma remota, mesmo estando sem internet, diretamente em nosso aplicativo, ou operar na vers\u00e3o web, realizando todas as opera\u00e7\u00f5es de forma direta ou por importa\u00e7\u00e3o de planilhas, economizando seu tempo! Movimenta\u00e7\u00e3o do rebanho, ganho de peso, opera\u00e7\u00f5es reprodutivas e integra\u00e7\u00e3o com bast\u00f5es e balan\u00e7as est\u00e3o dispon\u00edveis a qualquer momento, de forma segura, r\u00e1pida e direta, no melhor modelo AgroHUB! Conhe\u00e7a abaixo os valores:<\/p>","protected":false},"excerpt":{"rendered":"<p>Este \u00e9 o produto para a fazenda que deseja controlar seus animais de forma individual. Atrav\u00e9s desta fun\u00e7\u00e3o, voc\u00ea poder\u00e1 consultar e registrar as opera\u00e7\u00f5es de forma remota, mesmo estando sem internet, diretamente em [&hellip;]<\/p>\n","protected":false},"author":1,"featured_media":1842,"parent":1515,"menu_order":24,"comment_status":"closed","ping_status":"closed","template":"page-plus.php","meta":{"_acf_changed":false,"_eb_attr":"","_joinchat":[],"footnotes":""},"class_list":["post-1840","page","type-page","status-publish","has-post-thumbnail","hentry"],"acf":[],"yoast_head":"<!-- This site is optimized with the Yoast SEO plugin v27.0 - https:\/\/yoast.com\/product\/yoast-seo-wordpress\/ -->\n<title>Controle Individual - AgroHUB<\/title>\n<meta name=\"robots\" content=\"index, follow, max-snippet:-1, max-image-preview:large, max-video-preview:-1\" \/>\n<link rel=\"canonical\" href=\"https:\/\/agrohub.com.br\/en\/agrohub-mais\/controle-individual\/\" \/>\n<meta property=\"og:locale\" content=\"en_US\" \/>\n<meta property=\"og:type\" content=\"article\" \/>\n<meta property=\"og:title\" content=\"Controle Individual - AgroHUB\" \/>\n<meta property=\"og:description\" content=\"Este \u00e9 o produto para a fazenda que deseja controlar seus animais de forma individual. Atrav\u00e9s desta fun\u00e7\u00e3o, voc\u00ea poder\u00e1 consultar e registrar as opera\u00e7\u00f5es de forma remota, mesmo estando sem internet, diretamente em [&hellip;]\" \/>\n<meta property=\"og:url\" content=\"https:\/\/agrohub.com.br\/en\/agrohub-mais\/controle-individual\/\" \/>\n<meta property=\"og:site_name\" content=\"AgroHUB\" \/>\n<meta property=\"article:modified_time\" content=\"2024-03-04T23:31:55+00:00\" \/>\n<meta property=\"og:image\" content=\"https:\/\/agrohub.com.br\/wp-content\/uploads\/2023\/09\/Banner-da-primeira-tela-controle-individual.png\" \/>\n\t<meta property=\"og:image:width\" content=\"317\" \/>\n\t<meta property=\"og:image:height\" content=\"304\" \/>\n\t<meta property=\"og:image:type\" content=\"image\/png\" \/>\n<meta name=\"twitter:card\" content=\"summary_large_image\" \/>\n<meta name=\"twitter:label1\" content=\"Est. reading time\" \/>\n\t<meta name=\"twitter:data1\" content=\"1 minute\" \/>\n<script type=\"application\/ld+json\" class=\"yoast-schema-graph\">{\"@context\":\"https:\/\/schema.org\",\"@graph\":[{\"@type\":\"WebPage\",\"@id\":\"https:\/\/agrohub.com.br\/agrohub-mais\/controle-individual\/\",\"url\":\"https:\/\/agrohub.com.br\/agrohub-mais\/controle-individual\/\",\"name\":\"Controle Individual - AgroHUB\",\"isPartOf\":{\"@id\":\"https:\/\/agrohub.com.br\/#website\"},\"primaryImageOfPage\":{\"@id\":\"https:\/\/agrohub.com.br\/agrohub-mais\/controle-individual\/#primaryimage\"},\"image\":{\"@id\":\"https:\/\/agrohub.com.br\/agrohub-mais\/controle-individual\/#primaryimage\"},\"thumbnailUrl\":\"https:\/\/agrohub.com.br\/wp-content\/uploads\/2023\/09\/Banner-da-primeira-tela-controle-individual.png\",\"datePublished\":\"2023-10-11T21:23:08+00:00\",\"dateModified\":\"2024-03-04T23:31:55+00:00\",\"breadcrumb\":{\"@id\":\"https:\/\/agrohub.com.br\/agrohub-mais\/controle-individual\/#breadcrumb\"},\"inLanguage\":\"en-US\",\"potentialAction\":[{\"@type\":\"ReadAction\",\"target\":[\"https:\/\/agrohub.com.br\/agrohub-mais\/controle-individual\/\"]}]},{\"@type\":\"ImageObject\",\"inLanguage\":\"en-US\",\"@id\":\"https:\/\/agrohub.com.br\/agrohub-mais\/controle-individual\/#primaryimage\",\"url\":\"https:\/\/agrohub.com.br\/wp-content\/uploads\/2023\/09\/Banner-da-primeira-tela-controle-individual.png\",\"contentUrl\":\"https:\/\/agrohub.com.br\/wp-content\/uploads\/2023\/09\/Banner-da-primeira-tela-controle-individual.png\",\"width\":317,\"height\":304},{\"@type\":\"BreadcrumbList\",\"@id\":\"https:\/\/agrohub.com.br\/agrohub-mais\/controle-individual\/#breadcrumb\",\"itemListElement\":[{\"@type\":\"ListItem\",\"position\":1,\"name\":\"In\u00edcio\",\"item\":\"https:\/\/agrohub.com.br\/\"},{\"@type\":\"ListItem\",\"position\":2,\"name\":\"AgroHUB+\",\"item\":\"https:\/\/agrohub.com.br\/agrohub-mais\/\"},{\"@type\":\"ListItem\",\"position\":3,\"name\":\"Controle Individual\"}]},{\"@type\":\"WebSite\",\"@id\":\"https:\/\/agrohub.com.br\/#website\",\"url\":\"https:\/\/agrohub.com.br\/\",\"name\":\"AgroHUB\",\"description\":\"\",\"potentialAction\":[{\"@type\":\"SearchAction\",\"target\":{\"@type\":\"EntryPoint\",\"urlTemplate\":\"https:\/\/agrohub.com.br\/?s={search_term_string}\"},\"query-input\":{\"@type\":\"PropertyValueSpecification\",\"valueRequired\":true,\"valueName\":\"search_term_string\"}}],\"inLanguage\":\"en-US\"}]}<\/script>\n<!-- \/ Yoast SEO plugin. -->","yoast_head_json":{"title":"Controle Individual - AgroHUB","robots":{"index":"index","follow":"follow","max-snippet":"max-snippet:-1","max-image-preview":"max-image-preview:large","max-video-preview":"max-video-preview:-1"},"canonical":"https:\/\/agrohub.com.br\/en\/agrohub-mais\/controle-individual\/","og_locale":"en_US","og_type":"article","og_title":"Controle Individual - AgroHUB","og_description":"Este \u00e9 o produto para a fazenda que deseja controlar seus animais de forma individual. Atrav\u00e9s desta fun\u00e7\u00e3o, voc\u00ea poder\u00e1 consultar e registrar as opera\u00e7\u00f5es de forma remota, mesmo estando sem internet, diretamente em [&hellip;]","og_url":"https:\/\/agrohub.com.br\/en\/agrohub-mais\/controle-individual\/","og_site_name":"AgroHUB","article_modified_time":"2024-03-04T23:31:55+00:00","og_image":[{"width":317,"height":304,"url":"https:\/\/agrohub.com.br\/wp-content\/uploads\/2023\/09\/Banner-da-primeira-tela-controle-individual.png","type":"image\/png"}],"twitter_card":"summary_large_image","twitter_misc":{"Est. reading time":"1 minute"},"schema":{"@context":"https:\/\/schema.org","@graph":[{"@type":"WebPage","@id":"https:\/\/agrohub.com.br\/agrohub-mais\/controle-individual\/","url":"https:\/\/agrohub.com.br\/agrohub-mais\/controle-individual\/","name":"Controle Individual - AgroHUB","isPartOf":{"@id":"https:\/\/agrohub.com.br\/#website"},"primaryImageOfPage":{"@id":"https:\/\/agrohub.com.br\/agrohub-mais\/controle-individual\/#primaryimage"},"image":{"@id":"https:\/\/agrohub.com.br\/agrohub-mais\/controle-individual\/#primaryimage"},"thumbnailUrl":"https:\/\/agrohub.com.br\/wp-content\/uploads\/2023\/09\/Banner-da-primeira-tela-controle-individual.png","datePublished":"2023-10-11T21:23:08+00:00","dateModified":"2024-03-04T23:31:55+00:00","breadcrumb":{"@id":"https:\/\/agrohub.com.br\/agrohub-mais\/controle-individual\/#breadcrumb"},"inLanguage":"en-US","potentialAction":[{"@type":"ReadAction","target":["https:\/\/agrohub.com.br\/agrohub-mais\/controle-individual\/"]}]},{"@type":"ImageObject","inLanguage":"en-US","@id":"https:\/\/agrohub.com.br\/agrohub-mais\/controle-individual\/#primaryimage","url":"https:\/\/agrohub.com.br\/wp-content\/uploads\/2023\/09\/Banner-da-primeira-tela-controle-individual.png","contentUrl":"https:\/\/agrohub.com.br\/wp-content\/uploads\/2023\/09\/Banner-da-primeira-tela-controle-individual.png","width":317,"height":304},{"@type":"BreadcrumbList","@id":"https:\/\/agrohub.com.br\/agrohub-mais\/controle-individual\/#breadcrumb","itemListElement":[{"@type":"ListItem","position":1,"name":"In\u00edcio","item":"https:\/\/agrohub.com.br\/"},{"@type":"ListItem","position":2,"name":"AgroHUB+","item":"https:\/\/agrohub.com.br\/agrohub-mais\/"},{"@type":"ListItem","position":3,"name":"Controle Individual"}]},{"@type":"WebSite","@id":"https:\/\/agrohub.com.br\/#website","url":"https:\/\/agrohub.com.br\/","name":"AgroHUB","description":"","potentialAction":[{"@type":"SearchAction","target":{"@type":"EntryPoint","urlTemplate":"https:\/\/agrohub.com.br\/?s={search_term_string}"},"query-input":{"@type":"PropertyValueSpecification","valueRequired":true,"valueName":"search_term_string"}}],"inLanguage":"en-US"}]}},"_links":{"self":[{"href":"https:\/\/agrohub.com.br\/en\/wp-json\/wp\/v2\/pages\/1840","targetHints":{"allow":["GET"]}}],"collection":[{"href":"https:\/\/agrohub.com.br\/en\/wp-json\/wp\/v2\/pages"}],"about":[{"href":"https:\/\/agrohub.com.br\/en\/wp-json\/wp\/v2\/types\/page"}],"author":[{"embeddable":true,"href":"https:\/\/agrohub.com.br\/en\/wp-json\/wp\/v2\/users\/1"}],"replies":[{"embeddable":true,"href":"https:\/\/agrohub.com.br\/en\/wp-json\/wp\/v2\/comments?post=1840"}],"version-history":[{"count":29,"href":"https:\/\/agrohub.com.br\/en\/wp-json\/wp\/v2\/pages\/1840\/revisions"}],"predecessor-version":[{"id":2099,"href":"https:\/\/agrohub.com.br\/en\/wp-json\/wp\/v2\/pages\/1840\/revisions\/2099"}],"up":[{"embeddable":true,"href":"https:\/\/agrohub.com.br\/en\/wp-json\/wp\/v2\/pages\/1515"}],"wp:featuredmedia":[{"embeddable":true,"href":"https:\/\/agrohub.com.br\/en\/wp-json\/wp\/v2\/media\/1842"}],"wp:attachment":[{"href":"https:\/\/agrohub.com.br\/en\/wp-json\/wp\/v2\/media?parent=1840"}],"curies":[{"name":"wp","href":"https:\/\/api.w.org\/{rel}","templated":true}]}}