{"id":190,"date":"2021-07-28T11:00:05","date_gmt":"2021-07-28T14:00:05","guid":{"rendered":"http:\/\/agrohub.com.br\/agrohub\/?page_id=190"},"modified":"2024-12-18T15:34:07","modified_gmt":"2024-12-18T18:34:07","slug":"solucoes-para-produtores","status":"publish","type":"page","link":"https:\/\/agrohub.com.br\/en\/solucoes\/solucoes-para-produtores\/","title":{"rendered":"Solutions for producers"},"content":{"rendered":"<h2>GEST\u00c3O MAIS PROFISSIONAL, FAZENDA MAIS EFICIENTE.<\/h2>\n<p>O sistema AgroHUB profissionaliza a gest\u00e3o e fortalece a vis\u00e3o empresarial do produtor rural, que passa a ter maior fundamenta\u00e7\u00e3o com dados t\u00e9cnicos e estrat\u00e9gicos para incorporar a revolu\u00e7\u00e3o tecnol\u00f3gica \u00e0 rotina de sua fazenda.<\/p>\n<p>Com tomadas de decis\u00f5es mais inteligentes e pr\u00e1ticas agr\u00edcolas de alta performance, o produtor rural melhora os resultados e eleva sua fazenda para outro patamar, de efici\u00eancia e lucratividade, dentro do disputado mercado do agroneg\u00f3cio.<\/p>\n<p>O mercado consumidor, inclusive, vai exigir cada vez mais que as fazendas de pecu\u00e1ria e agricultura atendam aos crit\u00e9rios ambientais, sociais e de governan\u00e7a. E o AgroHUB pode te auxiliar com o acesso a dados para um modelo de gest\u00e3o mais moderna, em que h\u00e1 rela\u00e7\u00e3o entre pr\u00e1ticas produtivas e sustentabilidade.<\/p>\n<p>Ao manter o sistema atualizado, o produtor contribui para indicadores produtivos da propriedade e facilita o trabalho para a gera\u00e7\u00e3o de indicadores de GEE (Gases de Efeito Estufa).<\/p>\n<p>Informa\u00e7\u00f5es como uso de insumos (fertilizantes, defensivos, etc) nas \u00e1reas de cultivo agr\u00edcola e de pecu\u00e1ria, bem como dados sobre o hist\u00f3rico das pastagens e do rebanho s\u00e3o fundamentais para o manejo sustent\u00e1vel. O AgroHUB auxilia o produtor a adotar as melhores pr\u00e1ticas agropecu\u00e1rias em harmonia com o meio ambiente.<\/p>","protected":false},"excerpt":{"rendered":"<p>A transforma\u00e7\u00e3o digital j\u00e1 chegou no campo e n\u00e3o h\u00e1 como ficar de fora se voc\u00ea quiser se manter competitivo no mercado. Fa\u00e7a parte do grupo de produtores que j\u00e1 se beneficiam com o uso do AgroHUB, o sistema que maximiza a gest\u00e3o da sua fazenda.<\/p>","protected":false},"author":1,"featured_media":377,"parent":140,"menu_order":37,"comment_status":"closed","ping_status":"closed","template":"page-solucao.php","meta":{"_acf_changed":false,"_eb_attr":"","_joinchat":[],"footnotes":""},"class_list":["post-190","page","type-page","status-publish","has-post-thumbnail","hentry"],"acf":[],"yoast_head":"<!-- This site is optimized with the Yoast SEO plugin v27.0 - https:\/\/yoast.com\/product\/yoast-seo-wordpress\/ -->\n<title>Solu\u00e7\u00f5es para produtores - AgroHUB<\/title>\n<meta name=\"robots\" content=\"index, follow, max-snippet:-1, max-image-preview:large, max-video-preview:-1\" \/>\n<link rel=\"canonical\" href=\"https:\/\/agrohub.com.br\/en\/solucoes\/solucoes-para-produtores\/\" \/>\n<meta property=\"og:locale\" content=\"en_US\" \/>\n<meta property=\"og:type\" content=\"article\" \/>\n<meta property=\"og:title\" content=\"Solu\u00e7\u00f5es para produtores - AgroHUB\" \/>\n<meta property=\"og:description\" content=\"A transforma\u00e7\u00e3o digital j\u00e1 chegou no campo e n\u00e3o h\u00e1 como ficar de fora se voc\u00ea quiser se manter competitivo no mercado. Fa\u00e7a parte do grupo de produtores que j\u00e1 se beneficiam com o uso do AgroHUB, o sistema que maximiza a gest\u00e3o da sua fazenda.\" \/>\n<meta property=\"og:url\" content=\"https:\/\/agrohub.com.br\/en\/solucoes\/solucoes-para-produtores\/\" \/>\n<meta property=\"og:site_name\" content=\"AgroHUB\" \/>\n<meta property=\"article:modified_time\" content=\"2024-12-18T18:34:07+00:00\" \/>\n<meta property=\"og:image\" content=\"https:\/\/agrohub.com.br\/wp-content\/uploads\/2021\/08\/destaque_produtores.png\" \/>\n\t<meta property=\"og:image:width\" content=\"1008\" \/>\n\t<meta property=\"og:image:height\" content=\"727\" \/>\n\t<meta property=\"og:image:type\" content=\"image\/png\" \/>\n<meta name=\"twitter:card\" content=\"summary_large_image\" \/>\n<meta name=\"twitter:label1\" content=\"Est. reading time\" \/>\n\t<meta name=\"twitter:data1\" content=\"2 minutes\" \/>\n<script type=\"application\/ld+json\" class=\"yoast-schema-graph\">{\"@context\":\"https:\/\/schema.org\",\"@graph\":[{\"@type\":\"WebPage\",\"@id\":\"https:\/\/agrohub.com.br\/solucoes\/solucoes-para-produtores\/\",\"url\":\"https:\/\/agrohub.com.br\/solucoes\/solucoes-para-produtores\/\",\"name\":\"Solu\u00e7\u00f5es para produtores - AgroHUB\",\"isPartOf\":{\"@id\":\"https:\/\/agrohub.com.br\/#website\"},\"primaryImageOfPage\":{\"@id\":\"https:\/\/agrohub.com.br\/solucoes\/solucoes-para-produtores\/#primaryimage\"},\"image\":{\"@id\":\"https:\/\/agrohub.com.br\/solucoes\/solucoes-para-produtores\/#primaryimage\"},\"thumbnailUrl\":\"https:\/\/agrohub.com.br\/wp-content\/uploads\/2021\/08\/destaque_produtores.png\",\"datePublished\":\"2021-07-28T14:00:05+00:00\",\"dateModified\":\"2024-12-18T18:34:07+00:00\",\"breadcrumb\":{\"@id\":\"https:\/\/agrohub.com.br\/solucoes\/solucoes-para-produtores\/#breadcrumb\"},\"inLanguage\":\"en-US\",\"potentialAction\":[{\"@type\":\"ReadAction\",\"target\":[\"https:\/\/agrohub.com.br\/solucoes\/solucoes-para-produtores\/\"]}]},{\"@type\":\"ImageObject\",\"inLanguage\":\"en-US\",\"@id\":\"https:\/\/agrohub.com.br\/solucoes\/solucoes-para-produtores\/#primaryimage\",\"url\":\"https:\/\/agrohub.com.br\/wp-content\/uploads\/2021\/08\/destaque_produtores.png\",\"contentUrl\":\"https:\/\/agrohub.com.br\/wp-content\/uploads\/2021\/08\/destaque_produtores.png\",\"width\":1008,\"height\":727},{\"@type\":\"BreadcrumbList\",\"@id\":\"https:\/\/agrohub.com.br\/solucoes\/solucoes-para-produtores\/#breadcrumb\",\"itemListElement\":[{\"@type\":\"ListItem\",\"position\":1,\"name\":\"In\u00edcio\",\"item\":\"https:\/\/agrohub.com.br\/\"},{\"@type\":\"ListItem\",\"position\":2,\"name\":\"Solu\u00e7\u00f5es\",\"item\":\"https:\/\/agrohub.com.br\/solucoes\/\"},{\"@type\":\"ListItem\",\"position\":3,\"name\":\"Solu\u00e7\u00f5es para produtores\"}]},{\"@type\":\"WebSite\",\"@id\":\"https:\/\/agrohub.com.br\/#website\",\"url\":\"https:\/\/agrohub.com.br\/\",\"name\":\"AgroHUB\",\"description\":\"\",\"potentialAction\":[{\"@type\":\"SearchAction\",\"target\":{\"@type\":\"EntryPoint\",\"urlTemplate\":\"https:\/\/agrohub.com.br\/?s={search_term_string}\"},\"query-input\":{\"@type\":\"PropertyValueSpecification\",\"valueRequired\":true,\"valueName\":\"search_term_string\"}}],\"inLanguage\":\"en-US\"}]}<\/script>\n<!-- \/ Yoast SEO plugin. -->","yoast_head_json":{"title":"Solu\u00e7\u00f5es para produtores - AgroHUB","robots":{"index":"index","follow":"follow","max-snippet":"max-snippet:-1","max-image-preview":"max-image-preview:large","max-video-preview":"max-video-preview:-1"},"canonical":"https:\/\/agrohub.com.br\/en\/solucoes\/solucoes-para-produtores\/","og_locale":"en_US","og_type":"article","og_title":"Solu\u00e7\u00f5es para produtores - AgroHUB","og_description":"A transforma\u00e7\u00e3o digital j\u00e1 chegou no campo e n\u00e3o h\u00e1 como ficar de fora se voc\u00ea quiser se manter competitivo no mercado. Fa\u00e7a parte do grupo de produtores que j\u00e1 se beneficiam com o uso do AgroHUB, o sistema que maximiza a gest\u00e3o da sua fazenda.","og_url":"https:\/\/agrohub.com.br\/en\/solucoes\/solucoes-para-produtores\/","og_site_name":"AgroHUB","article_modified_time":"2024-12-18T18:34:07+00:00","og_image":[{"width":1008,"height":727,"url":"https:\/\/agrohub.com.br\/wp-content\/uploads\/2021\/08\/destaque_produtores.png","type":"image\/png"}],"twitter_card":"summary_large_image","twitter_misc":{"Est. reading time":"2 minutes"},"schema":{"@context":"https:\/\/schema.org","@graph":[{"@type":"WebPage","@id":"https:\/\/agrohub.com.br\/solucoes\/solucoes-para-produtores\/","url":"https:\/\/agrohub.com.br\/solucoes\/solucoes-para-produtores\/","name":"Solu\u00e7\u00f5es para produtores - AgroHUB","isPartOf":{"@id":"https:\/\/agrohub.com.br\/#website"},"primaryImageOfPage":{"@id":"https:\/\/agrohub.com.br\/solucoes\/solucoes-para-produtores\/#primaryimage"},"image":{"@id":"https:\/\/agrohub.com.br\/solucoes\/solucoes-para-produtores\/#primaryimage"},"thumbnailUrl":"https:\/\/agrohub.com.br\/wp-content\/uploads\/2021\/08\/destaque_produtores.png","datePublished":"2021-07-28T14:00:05+00:00","dateModified":"2024-12-18T18:34:07+00:00","breadcrumb":{"@id":"https:\/\/agrohub.com.br\/solucoes\/solucoes-para-produtores\/#breadcrumb"},"inLanguage":"en-US","potentialAction":[{"@type":"ReadAction","target":["https:\/\/agrohub.com.br\/solucoes\/solucoes-para-produtores\/"]}]},{"@type":"ImageObject","inLanguage":"en-US","@id":"https:\/\/agrohub.com.br\/solucoes\/solucoes-para-produtores\/#primaryimage","url":"https:\/\/agrohub.com.br\/wp-content\/uploads\/2021\/08\/destaque_produtores.png","contentUrl":"https:\/\/agrohub.com.br\/wp-content\/uploads\/2021\/08\/destaque_produtores.png","width":1008,"height":727},{"@type":"BreadcrumbList","@id":"https:\/\/agrohub.com.br\/solucoes\/solucoes-para-produtores\/#breadcrumb","itemListElement":[{"@type":"ListItem","position":1,"name":"In\u00edcio","item":"https:\/\/agrohub.com.br\/"},{"@type":"ListItem","position":2,"name":"Solu\u00e7\u00f5es","item":"https:\/\/agrohub.com.br\/solucoes\/"},{"@type":"ListItem","position":3,"name":"Solu\u00e7\u00f5es para produtores"}]},{"@type":"WebSite","@id":"https:\/\/agrohub.com.br\/#website","url":"https:\/\/agrohub.com.br\/","name":"AgroHUB","description":"","potentialAction":[{"@type":"SearchAction","target":{"@type":"EntryPoint","urlTemplate":"https:\/\/agrohub.com.br\/?s={search_term_string}"},"query-input":{"@type":"PropertyValueSpecification","valueRequired":true,"valueName":"search_term_string"}}],"inLanguage":"en-US"}]}},"_links":{"self":[{"href":"https:\/\/agrohub.com.br\/en\/wp-json\/wp\/v2\/pages\/190","targetHints":{"allow":["GET"]}}],"collection":[{"href":"https:\/\/agrohub.com.br\/en\/wp-json\/wp\/v2\/pages"}],"about":[{"href":"https:\/\/agrohub.com.br\/en\/wp-json\/wp\/v2\/types\/page"}],"author":[{"embeddable":true,"href":"https:\/\/agrohub.com.br\/en\/wp-json\/wp\/v2\/users\/1"}],"replies":[{"embeddable":true,"href":"https:\/\/agrohub.com.br\/en\/wp-json\/wp\/v2\/comments?post=190"}],"version-history":[{"count":11,"href":"https:\/\/agrohub.com.br\/en\/wp-json\/wp\/v2\/pages\/190\/revisions"}],"predecessor-version":[{"id":3243,"href":"https:\/\/agrohub.com.br\/en\/wp-json\/wp\/v2\/pages\/190\/revisions\/3243"}],"up":[{"embeddable":true,"href":"https:\/\/agrohub.com.br\/en\/wp-json\/wp\/v2\/pages\/140"}],"wp:featuredmedia":[{"embeddable":true,"href":"https:\/\/agrohub.com.br\/en\/wp-json\/wp\/v2\/media\/377"}],"wp:attachment":[{"href":"https:\/\/agrohub.com.br\/en\/wp-json\/wp\/v2\/media?parent=190"}],"curies":[{"name":"wp","href":"https:\/\/api.w.org\/{rel}","templated":true}]}}