{"id":3872,"date":"2025-08-07T18:02:47","date_gmt":"2025-08-07T21:02:47","guid":{"rendered":"https:\/\/agrohub.com.br\/?page_id=3872"},"modified":"2025-08-29T17:08:00","modified_gmt":"2025-08-29T20:08:00","slug":"indique-e-ganhe","status":"publish","type":"page","link":"https:\/\/agrohub.com.br\/en\/indique-e-ganhe\/","title":{"rendered":"Indique e ganhe"},"content":{"rendered":"<div data-elementor-type=\"wp-page\" data-elementor-id=\"3872\" class=\"elementor elementor-3872\" data-elementor-post-type=\"page\">\n\t\t\t\t<div data-particle_enable=\"false\" data-particle-mobile-disabled=\"false\" class=\"elementor-element elementor-element-1767dc0 e-con-full e-flex e-con e-parent\" data-id=\"1767dc0\" data-element_type=\"container\" data-e-type=\"container\">\n\t\t\t\t<div class=\"elementor-element elementor-element-8ff6ad9 elementor-widget elementor-widget-html\" data-id=\"8ff6ad9\" data-element_type=\"widget\" data-e-type=\"widget\" data-widget_type=\"html.default\">\n\t\t\t\t<div class=\"elementor-widget-container\">\n\t\t\t\t\t<style>\n  .custom-header {\n    position: relative;\n    left: 50%;\n    transform: translateX(-50%);\n    width: 100vw !important;\n    max-width: 100vw !important;\n    overflow: visible;\n    padding: 0;\n    z-index: 1000;\n  }\n\n  .custom-header::before {\n    content: \"\";\n    position: absolute;\n    inset: 0;\n    background: url('https:\/\/agrohub.com.br\/wp-content\/uploads\/2025\/08\/Fundo-BG-png.avif') center\/cover no-repeat;\n    z-index: -2;\n  }\n\n  .custom-header::after {\n    content: \"\";\n    position: absolute;\n    inset: 0;\n    background-color: rgba(20, 33, 42, 0.85);\n    z-index: -1;\n  }\n\n  .custom-header .inner {\n    display: flex;\n    align-items: center;\n    justify-content: space-between;\n    max-width: 1200px;\n    margin: 0 auto;\n    padding: 12px 30px;\n  }\n\n  .custom-header .logo img {\n    height: 42px;\n  }\n\n  .custom-header nav ul {\n    list-style: none;\n    display: flex;\n    gap: 24px;\n    margin: 0;\n    padding: 0;\n  }\n\n  .custom-header nav ul li a {\n    color: #FFF;\n    text-decoration: none;\n    font-size: 14px;\n    font-weight: 500;\n    text-transform: uppercase;\n    transition: color .2s;\n  }\n\n  .custom-header nav ul li a:hover {\n    color: #00FFAB;\n  }\n\n  .custom-header .login-btn {\n    padding: 6px 18px;\n    border: 1px solid #00FFAB;\n    border-radius: 20px;\n    color: #00FFAB;\n    text-decoration: none;\n    font-size: 14px;\n    font-weight: 500;\n    transition: background .2s, color .2s;\n  }\n\n  .custom-header .login-btn:hover {\n    background: #00FFAB;\n    color: #14212A;\n  }\n\n  .custom-header .menu-toggle {\n    display: none;\n    cursor: pointer;\n  }\n\n  @media (max-width: 767px) {\n    .custom-header .inner {\n      flex-wrap: wrap;\n      padding: 10px 20px;\n    }\n\n    .custom-header .menu-toggle {\n      display: block;\n      order: 1;\n    }\n\n    .custom-header nav {\n      order: 3;\n      width: 100%;\n      display: none;\n      margin: 10px 0 0;\n    }\n\n    .custom-header nav.open {\n      display: block;\n    }\n\n    .custom-header nav ul {\n      flex-direction: column;\n      gap: 12px;\n    }\n\n    .custom-header .login-btn {\n      order: 2;\n      width: 100%;\n      text-align: center;\n      margin: 10px 0 0;\n    }\n  }\n<\/style>\n\n<header class=\"custom-header\">\n  <div class=\"inner\">\n    <!-- Logo -->\n    <div class=\"logo\">\n      <a href=\"\/en\/\" target=\"_blank\" rel=\"noopener noreferrer\">\n        <img decoding=\"async\" src=\"https:\/\/agrohub.com.br\/wp-content\/uploads\/2025\/06\/af_logo_agrohub_horiz_cor_negativo-1-png.avif\" alt=\"Agrohub Logo\">\n      <\/a>\n    <\/div>\n\n    <!-- Toggle Mobile -->\n    <div class=\"menu-toggle\">\n      <span style=\"font-size:24px; color:#FFF;\">\u2630<\/span>\n    <\/div>\n\n    <!-- Navega\u00e7\u00e3o -->\n    <nav>\n      <ul>\n        <li><a href=\"https:\/\/agrohub.com.br\/en\/\" target=\"_blank\" rel=\"noopener noreferrer\">Home<\/a><\/li>\n        <li><a href=\"https:\/\/agrohub.com.br\/en\/adquirir\/\" target=\"_blank\" rel=\"noopener noreferrer\">Acquire<\/a><\/li>\n        <li><a href=\"https:\/\/agrohub.com.br\/en\/funcionalidades\/\" target=\"_blank\" rel=\"noopener noreferrer\">Features<\/a><\/li>\n        <li><a href=\"https:\/\/agrohub.com.br\/en\/passo-a-passo\/\" target=\"_blank\" rel=\"noopener noreferrer\">Step by step<\/a><\/li>\n        <li><a href=\"https:\/\/agrohub.com.br\/en\/category\/tutoriais\/\" target=\"_blank\" rel=\"noopener noreferrer\">Training<\/a><\/li>\n        <li><a href=\"https:\/\/agrohub.com.br\/en\/captura-de-notas\/\" target=\"_blank\" rel=\"noopener noreferrer\">Captura de notas<\/a><\/li>\n        <li><a href=\"https:\/\/agrohubsupport.zendesk.com\/hc\/pt-br\" target=\"_blank\" rel=\"noopener noreferrer\">Help<\/a><\/li>\n        <li><a href=\"https:\/\/agrohub.com.br\/en\/indique-e-ganhe\/\" target=\"_blank\" rel=\"noopener noreferrer\">refer and win<\/a><\/li>\n      <\/ul>\n    <\/nav>\n\n    <!-- Bot\u00e3o de Login -->\n<a href=\"\/\/portal.agrohub.com.br\" class=\"login-btn\" target=\"_blank\" rel=\"noopener noreferrer\">Login<\/a>\n  <\/div>\n<\/header>\n\n<script>\n  document.addEventListener('DOMContentLoaded', function () {\n    const toggle = document.querySelector('.custom-header .menu-toggle');\n    const nav = document.querySelector('.custom-header nav');\n    toggle && toggle.addEventListener('click', () => {\n      nav.classList.toggle('open');\n    });\n  });\n<\/script>\n\t\t\t\t<\/div>\n\t\t\t\t<\/div>\n\t\t\t\t<\/div>\n\t\t<div data-particle_enable=\"false\" data-particle-mobile-disabled=\"false\" class=\"elementor-element elementor-element-2696ca6 e-con-full e-flex e-con e-parent\" data-id=\"2696ca6\" data-element_type=\"container\" data-e-type=\"container\">\n\t\t\t\t<div class=\"elementor-element elementor-element-1222216 elementor-widget elementor-widget-html\" data-id=\"1222216\" data-element_type=\"widget\" data-e-type=\"widget\" data-widget_type=\"html.default\">\n\t\t\t\t<div class=\"elementor-widget-container\">\n\t\t\t\t\t<link href=\"https:\/\/fonts.googleapis.com\/icon?family=Material+Icons\" rel=\"stylesheet\">\r\n<style>\r\n  @import url('https:\/\/fonts.googleapis.com\/css2?family=Rajdhani:wght@500;700&family=Roboto:wght@400;500;700&display=swap');\r\n  :root {\r\n    --primary: #3AC17B;\r\n    --dark: #14212A;\r\n  }\r\n\r\n  .referral-section {\r\n    position: relative;\r\n    left: 50%;\r\n    transform: translateX(-50%);\r\n    width: 100vw !important;\r\n    max-width: 100vw !important;\r\n    overflow: hidden;\r\n    padding: 0;\r\n    margin: 0;\r\n    background: none;\r\n  }\r\n\r\n  .referral-section::before {\r\n    content: \"\";\r\n    position: absolute;\r\n    inset: 0;\r\n    background:\r\n      url('https:\/\/agrohub.com.br\/wp-content\/uploads\/2025\/08\/Fundo-BG-png.avif') center\/cover no-repeat,\r\n      rgba(20, 33, 42, 0.6);\r\n    z-index: -1;\r\n  }\r\n\r\n  .referral-inner {\r\n    display: grid;\r\n    grid-template-columns: 1fr 1fr;\r\n    gap: 60px;\r\n    align-items: center;\r\n    max-width: 1200px;\r\n    margin: 0 auto;\r\n    padding: 80px 20px;\r\n    color: #FFF;\r\n    font-family: 'Roboto', sans-serif;\r\n  }\r\n\r\n  .referral-text {\r\n    max-width: 600px;\r\n  }\r\n\r\n  .referral-text h2 {\r\n    font-family: 'Rajdhani', sans-serif;\r\n    font-size: 2.5rem;\r\n    font-weight: 700;\r\n    line-height: 1.2;\r\n    margin-bottom: 20px;\r\n  }\r\n\r\n  .referral-text p {\r\n    font-size: 1.125rem;\r\n    line-height: 1.6;\r\n  }\r\n\r\n  .referral-form {\r\n    background: #FFF;\r\n    border-radius: 12px;\r\n    padding: 32px;\r\n    box-shadow: 0 8px 24px rgba(0, 0, 0, 0.1);\r\n    color: var(--dark);\r\n    font-family: 'Roboto', sans-serif;\r\n  }\r\n\r\n  .referral-form h3 {\r\n    display: flex;\r\n    justify-content: center;\r\n    align-items: center;\r\n    gap: 8px;\r\n    font-family: 'Rajdhani', sans-serif;\r\n    font-size: 1.375rem;\r\n    font-weight: 600;\r\n    margin-bottom: 16px;\r\n    color: var(--primary);\r\n  }\r\n\r\n  .material-icons {\r\n    font-size: 28px;\r\n    color: var(--primary);\r\n  }\r\n\r\n  .referral-form .subtitle {\r\n    font-size: .875rem;\r\n    color: #666;\r\n    margin-bottom: 24px;\r\n    text-align: center;\r\n  }\r\n\r\n  .referral-form label {\r\n    display: block;\r\n    margin-bottom: 18px;\r\n    font-size: .875rem;\r\n  }\r\n\r\n  .referral-form input {\r\n    width: 100%;\r\n    padding: 12px 16px;\r\n    font-size: 1rem;\r\n    border: 1px solid #DDD;\r\n    border-radius: 8px;\r\n    transition: border-color .2s;\r\n  }\r\n\r\n  .referral-form input:focus {\r\n    outline: none;\r\n    border-color: var(--primary);\r\n  }\r\n\r\n  .referral-form button {\r\n    width: 100%;\r\n    padding: 14px 0;\r\n    margin-top: 12px;\r\n    font-size: 1rem;\r\n    font-weight: 600;\r\n    color: white;\r\n    background: var(--primary);\r\n    border: none;\r\n    border-radius: 8px;\r\n    cursor: pointer;\r\n    transition: background .2s;\r\n  }\r\n\r\n  .referral-form button:hover {\r\n    background: #00E69A;\r\n  }\r\n\r\n  \/* MODAL DE CONFIRMA\u00c7\u00c3O *\/\r\n  .modal-overlay {\r\n    position: fixed;\r\n    inset: 0;\r\n    background-color: rgba(0, 0, 0, 0.6);\r\n    display: none;\r\n    justify-content: center;\r\n    align-items: center;\r\n    z-index: 2000;\r\n    opacity: 0;\r\n    transition: opacity 0.3s ease;\r\n  }\r\n\r\n  .modal-overlay.active {\r\n    display: flex;\r\n    opacity: 1;\r\n  }\r\n\r\n  .modal {\r\n    background: #fff;\r\n    border-radius: 16px;\r\n    padding: 32px;\r\n    max-width: 400px;\r\n    text-align: center;\r\n    box-shadow: 0 8px 30px rgba(0, 0, 0, 0.2);\r\n    font-family: 'Roboto', sans-serif;\r\n    transform: scale(0.95);\r\n    animation: popUp 0.3s ease forwards;\r\n  }\r\n\r\n  .modal .material-icons {\r\n    font-size: 48px;\r\n    color: var(--primary);\r\n    margin-bottom: 16px;\r\n  }\r\n\r\n  .modal h4 {\r\n    font-size: 1.5rem;\r\n    color: var(--dark);\r\n    margin-bottom: 12px;\r\n  }\r\n\r\n  .modal p {\r\n    color: #555;\r\n    font-size: 1rem;\r\n    margin-bottom: 24px;\r\n  }\r\n\r\n  .modal a button {\r\n    width: 100%;\r\n    margin-bottom: 12px;\r\n    background: var(--primary);\r\n    color: white;\r\n  }\r\n\r\n  .modal button {\r\n    padding: 10px 24px;\r\n    font-size: 1rem;\r\n    border: none;\r\n    border-radius: 8px;\r\n    background: #ccc;\r\n    color: #333;\r\n    cursor: pointer;\r\n    transition: background 0.2s;\r\n  }\r\n\r\n  .modal button:hover {\r\n    opacity: 0.9;\r\n  }\r\n\r\n  @keyframes popUp {\r\n    to {\r\n      transform: scale(1);\r\n    }\r\n  }\r\n\r\n  @media (max-width: 991px) {\r\n    .referral-inner {\r\n      grid-template-columns: 1fr !important;\r\n      gap: 40px !important;\r\n      padding: 60px 20px !important;\r\n    }\r\n  }\r\n<\/style>\r\n\r\n<section class=\"referral-section\">\r\n  <div class=\"referral-inner\">\r\n    <div class=\"referral-text\">\r\n      <h2>Recommend AgroHUB to your friend who is tired of suffering with farm management<\/h2>\r\n      <p>For every referral who signs up to AgroHUB, you get 1 monthly fee from us and your friend gets the implementation and training for the team.<\/p>\r\n    <\/div>\r\n    <div class=\"referral-form\">\r\n      <h3>\r\n        <span class=\"material-icons\">person_add<\/span>\r\n        Refer a Client\r\n      <\/h3>\r\n      <p class=\"subtitle\">Help other farms grow with our financial management platform<\/p>\r\n      <form id=\"referralForm\" action=\"\">\r\n        <label>\r\n          <span>Name and farm code in AgroHUB<\/span>\r\n          <input type=\"text\" id=\"fazenda\" placeholder=\"Farm name and farm code\" required>\r\n        <\/label>\r\n        <label>\r\n          <span>Your name<\/span>\r\n          <input type=\"text\" id=\"seuNome\" placeholder=\"Your full name\" required>\r\n        <\/label>\r\n        <label>\r\n          <span>Name of nominee<\/span>\r\n          <input type=\"text\" id=\"indicado\" placeholder=\"Full name\" required>\r\n        <\/label>\r\n        <label>\r\n          <span>E-mail da pessoa indicada<\/span>\r\n          <input type=\"email\" id=\"email\" placeholder=\"email@exemplo.com\" required>\r\n        <\/label>\r\n        <label>\r\n          <span>Telefone da pessoa indicada<\/span>\r\n          <input type=\"tel\" id=\"telefone\" placeholder=\"(11) 99999-9999\" required>\r\n        <\/label>\r\n        <button type=\"submit\">Send Referral<\/button>\r\n      <input type=\"hidden\" name=\"trp-form-language\" value=\"en\"\/><\/form>\r\n    <\/div>\r\n  <\/div>\r\n<\/section>\r\n\r\n<!-- MODAL -->\r\n<div class=\"modal-overlay\" id=\"popupModal\">\r\n  <div class=\"modal\">\r\n    <span class=\"material-icons\">check_circle<\/span>\r\n    <h4>REFERRAL SENT!<\/h4>\r\n    <p>Thank you for trusting AgroHUB. We will contact your nominee shortly.<\/p>\r\n    <a href=\"https:\/\/agrohub.com.br\/en\/adquirir\/\" target=\"_blank\">\r\n      <button>Get to know our products<\/button>\r\n    <\/a>\r\n    <button onclick=\"fecharModal()\">Close<\/button>\r\n  <\/div>\r\n<\/div>\r\n\r\n<script>\r\n  const form = document.getElementById('referralForm');\r\n  const modal = document.getElementById('popupModal');\r\n\r\n  form.addEventListener('submit', function (e) {\r\n    e.preventDefault();\r\n\r\n    const formData = new FormData();\r\n    formData.append('entry.289815228', document.getElementById('fazenda').value);\r\n    formData.append('entry.299641141', document.getElementById('seuNome').value);\r\n    formData.append('entry.499127537', document.getElementById('indicado').value);\r\n    formData.append('entry.1663108658', document.getElementById('email').value);\r\n    formData.append('entry.232667872', document.getElementById('telefone').value);\r\n\r\n    fetch('https:\/\/docs.google.com\/forms\/d\/e\/1FAIpQLSfqq3a6eN_emkU87NQzwA1fkOEWDDxBif27Y55rjrvT6QGBxQ\/formResponse', {\r\n      method: 'POST',\r\n      mode: 'no-cors',\r\n      body: formData\r\n    }).then(() => {\r\n      form.reset();\r\n      modal.classList.add('active');\r\n    }).catch(() => {\r\n      alert(\"Ocorreu um erro. Tente novamente.\");\r\n    });\r\n  });\r\n\r\n  function fecharModal() {\r\n    modal.classList.remove('active');\r\n  }\r\n<\/script>\r\n\t\t\t\t<\/div>\n\t\t\t\t<\/div>\n\t\t\t\t<\/div>\n\t\t<div data-particle_enable=\"false\" data-particle-mobile-disabled=\"false\" class=\"elementor-element elementor-element-1c5c034 e-con-full e-flex e-con e-parent\" data-id=\"1c5c034\" data-element_type=\"container\" data-e-type=\"container\">\n\t\t\t\t<div class=\"elementor-element elementor-element-d44ecd8 elementor-widget__width-inherit elementor-widget elementor-widget-html\" data-id=\"d44ecd8\" data-element_type=\"widget\" data-e-type=\"widget\" data-widget_type=\"html.default\">\n\t\t\t\t<div class=\"elementor-widget-container\">\n\t\t\t\t\t<style>\n  .indique-ganhe-wrapper {\n    font-family: 'Inter', sans-serif;\n    color: #222;\n    background: #FAF7F3;\n    padding: 40px 20px;\n    text-align: center;\n  }\n\n  .indique-ganhe-wrapper img {\n    width: 85%; \/* \u2190 tamanho reduzido *\/\n    max-width: 900px;\n    height: auto;\n    border-radius: 12px;\n    box-shadow: 0 8px 30px rgba(0, 0, 0, 0.05);\n    margin-bottom: 40px;\n  }\n\n  .indique-ganhe-wrapper h2 {\n    font-size: 2.2rem;\n    font-weight: 800;\n    margin-bottom: 40px;\n    color: #1a1a1a;\n  }\n\n  .indique-cards {\n    display: grid;\n    grid-template-columns: repeat(auto-fit, minmax(280px, 1fr));\n    gap: 30px;\n    max-width: 1200px;\n    margin: 0 auto;\n    text-align: left;\n  }\n\n  .card {\n    background: white;\n    border-radius: 12px;\n    padding: 24px;\n    box-shadow: 0 4px 20px rgba(0, 0, 0, 0.05);\n    transition: transform 0.3s ease;\n  }\n\n  .card:hover {\n    transform: translateY(-5px);\n  }\n\n  .card h3 {\n    font-size: 1.2rem;\n    color: #26A269;\n    margin-bottom: 10px;\n  }\n\n  .card p {\n    font-size: 1rem;\n    line-height: 1.6;\n    color: #444;\n  }\n<\/style>\n\n<div class=\"indique-ganhe-wrapper\">\n  <img decoding=\"async\" data-src=\"https:\/\/agrohub.com.br\/wp-content\/uploads\/2025\/08\/IndiqueEGanhe1080.png\" alt=\"Programa Indique e Ganhe - AgroHUB\" src=\"data:image\/svg+xml;base64,PHN2ZyB3aWR0aD0iMSIgaGVpZ2h0PSIxIiB4bWxucz0iaHR0cDovL3d3dy53My5vcmcvMjAwMC9zdmciPjwvc3ZnPg==\" class=\"lazyload\" style=\"--smush-placeholder-width: 1536px; --smush-placeholder-aspect-ratio: 1536\/1024;\">\n\n  <h2>Refer and Win Program Regulations<\/h2>\n\n  <div class=\"indique-cards\">\n    <div class=\"card\">\n      <h3>1. Who can participate<\/h3>\n      <p>All active AgroHUB subscribers can participate in the program by referring other farm owners and managers.<\/p>\n    <\/div>\n    <div class=\"card\">\n      <h3>2. How referrals work<\/h3>\n      <p>The customer must inform the AgroHUB sales team of the contact details of the nominee (name, telephone number and e-mail address) via the referral form. The sales team will make contact and conduct all negotiations with the referral.<\/p>\n    <\/div>\n    <div class=\"card\">\n      <h3>3. Benefit for the referring customer<\/h3>\n      <p>For each referred contact who becomes a paying subscriber, the referring customer will receive 1 free monthly subscription or an exclusive gift, at the referring customer's discretion. The freebie or gift will only be granted once the referred customer has paid the first monthly fee, confirming the conversion.<\/p>\n    <\/div>\n    <div class=\"card\">\n      <h3>4. Benefit for the referred client<\/h3>\n      <p>Every referred customer who becomes a subscriber will receive 1 free training session for the complete use of the AgroHUB system and also the implementation of the system, where our team helps with the initial stages of registration, as an incentive to join.<\/p>\n    <\/div>\n    <div class=\"card\">\n      <h3>5. Limit on indications<\/h3>\n      <p>There is no limit on referrals. Each converted referral guarantees 1 free monthly membership or 1 free gift. Example: 12 new customers referred and converted = 12 free months, and so on.<\/p>\n    <\/div>\n    <div class=\"card\">\n      <h3>6. General conditions<\/h3>\n      <p>The program is only valid for active AgroHUB subscribers. The free benefit will be granted in the form of free months. The gift will be a powerbank. AgroHUB reserves the right to change or terminate the program at any time, with prior notice.<\/p>\n    <\/div>\n  <\/div>\n<\/div>\n\t\t\t\t<\/div>\n\t\t\t\t<\/div>\n\t\t\t\t<\/div>\n\t\t\t\t<\/div>","protected":false},"excerpt":{"rendered":"<p>Indique o AgroHUB e ganhe 1 mensalidade gr\u00e1tis. Seu indicado recebe implanta\u00e7\u00e3o e treinamento. Participe do programa de indica\u00e7\u00f5es agora mesmo!<\/p>","protected":false},"author":1,"featured_media":242,"parent":0,"menu_order":8,"comment_status":"closed","ping_status":"closed","template":"elementor_header_footer","meta":{"_acf_changed":false,"_eb_attr":"","_joinchat":[],"footnotes":""},"class_list":["post-3872","page","type-page","status-publish","has-post-thumbnail","hentry"],"acf":[],"yoast_head":"<!-- This site is optimized with the Yoast SEO plugin v27.0 - https:\/\/yoast.com\/product\/yoast-seo-wordpress\/ -->\n<title>Indique e ganhe - AgroHUB<\/title>\n<meta name=\"robots\" content=\"index, follow, max-snippet:-1, max-image-preview:large, max-video-preview:-1\" \/>\n<link rel=\"canonical\" href=\"https:\/\/agrohub.com.br\/en\/indique-e-ganhe\/\" \/>\n<meta property=\"og:locale\" content=\"en_US\" \/>\n<meta property=\"og:type\" content=\"article\" \/>\n<meta property=\"og:title\" content=\"Indique e ganhe - AgroHUB\" \/>\n<meta property=\"og:description\" content=\"Indique o AgroHUB e ganhe 1 mensalidade gr\u00e1tis. Seu indicado recebe implanta\u00e7\u00e3o e treinamento. Participe do programa de indica\u00e7\u00f5es agora mesmo!\" \/>\n<meta property=\"og:url\" content=\"https:\/\/agrohub.com.br\/en\/indique-e-ganhe\/\" \/>\n<meta property=\"og:site_name\" content=\"AgroHUB\" \/>\n<meta property=\"article:modified_time\" content=\"2025-08-29T20:08:00+00:00\" \/>\n<meta property=\"og:image\" content=\"https:\/\/agrohub.com.br\/wp-content\/uploads\/2021\/07\/cropped-favicon.png\" \/>\n\t<meta property=\"og:image:width\" content=\"512\" \/>\n\t<meta property=\"og:image:height\" content=\"512\" \/>\n\t<meta property=\"og:image:type\" content=\"image\/png\" \/>\n<meta name=\"twitter:card\" content=\"summary_large_image\" \/>\n<meta name=\"twitter:label1\" content=\"Est. reading time\" \/>\n\t<meta name=\"twitter:data1\" content=\"3 minutes\" \/>\n<script type=\"application\/ld+json\" class=\"yoast-schema-graph\">{\"@context\":\"https:\/\/schema.org\",\"@graph\":[{\"@type\":\"WebPage\",\"@id\":\"https:\/\/agrohub.com.br\/indique-e-ganhe\/\",\"url\":\"https:\/\/agrohub.com.br\/indique-e-ganhe\/\",\"name\":\"Indique e ganhe - AgroHUB\",\"isPartOf\":{\"@id\":\"https:\/\/agrohub.com.br\/#website\"},\"primaryImageOfPage\":{\"@id\":\"https:\/\/agrohub.com.br\/indique-e-ganhe\/#primaryimage\"},\"image\":{\"@id\":\"https:\/\/agrohub.com.br\/indique-e-ganhe\/#primaryimage\"},\"thumbnailUrl\":\"https:\/\/agrohub.com.br\/wp-content\/uploads\/2021\/07\/cropped-favicon.png\",\"datePublished\":\"2025-08-07T21:02:47+00:00\",\"dateModified\":\"2025-08-29T20:08:00+00:00\",\"breadcrumb\":{\"@id\":\"https:\/\/agrohub.com.br\/indique-e-ganhe\/#breadcrumb\"},\"inLanguage\":\"en-US\",\"potentialAction\":[{\"@type\":\"ReadAction\",\"target\":[\"https:\/\/agrohub.com.br\/indique-e-ganhe\/\"]}]},{\"@type\":\"ImageObject\",\"inLanguage\":\"en-US\",\"@id\":\"https:\/\/agrohub.com.br\/indique-e-ganhe\/#primaryimage\",\"url\":\"https:\/\/agrohub.com.br\/wp-content\/uploads\/2021\/07\/cropped-favicon.png\",\"contentUrl\":\"https:\/\/agrohub.com.br\/wp-content\/uploads\/2021\/07\/cropped-favicon.png\",\"width\":512,\"height\":512},{\"@type\":\"BreadcrumbList\",\"@id\":\"https:\/\/agrohub.com.br\/indique-e-ganhe\/#breadcrumb\",\"itemListElement\":[{\"@type\":\"ListItem\",\"position\":1,\"name\":\"In\u00edcio\",\"item\":\"https:\/\/agrohub.com.br\/\"},{\"@type\":\"ListItem\",\"position\":2,\"name\":\"Indique e ganhe\"}]},{\"@type\":\"WebSite\",\"@id\":\"https:\/\/agrohub.com.br\/#website\",\"url\":\"https:\/\/agrohub.com.br\/\",\"name\":\"AgroHUB\",\"description\":\"\",\"potentialAction\":[{\"@type\":\"SearchAction\",\"target\":{\"@type\":\"EntryPoint\",\"urlTemplate\":\"https:\/\/agrohub.com.br\/?s={search_term_string}\"},\"query-input\":{\"@type\":\"PropertyValueSpecification\",\"valueRequired\":true,\"valueName\":\"search_term_string\"}}],\"inLanguage\":\"en-US\"}]}<\/script>\n<!-- \/ Yoast SEO plugin. -->","yoast_head_json":{"title":"Indique e ganhe - AgroHUB","robots":{"index":"index","follow":"follow","max-snippet":"max-snippet:-1","max-image-preview":"max-image-preview:large","max-video-preview":"max-video-preview:-1"},"canonical":"https:\/\/agrohub.com.br\/en\/indique-e-ganhe\/","og_locale":"en_US","og_type":"article","og_title":"Indique e ganhe - AgroHUB","og_description":"Indique o AgroHUB e ganhe 1 mensalidade gr\u00e1tis. Seu indicado recebe implanta\u00e7\u00e3o e treinamento. Participe do programa de indica\u00e7\u00f5es agora mesmo!","og_url":"https:\/\/agrohub.com.br\/en\/indique-e-ganhe\/","og_site_name":"AgroHUB","article_modified_time":"2025-08-29T20:08:00+00:00","og_image":[{"width":512,"height":512,"url":"https:\/\/agrohub.com.br\/wp-content\/uploads\/2021\/07\/cropped-favicon.png","type":"image\/png"}],"twitter_card":"summary_large_image","twitter_misc":{"Est. reading time":"3 minutes"},"schema":{"@context":"https:\/\/schema.org","@graph":[{"@type":"WebPage","@id":"https:\/\/agrohub.com.br\/indique-e-ganhe\/","url":"https:\/\/agrohub.com.br\/indique-e-ganhe\/","name":"Indique e ganhe - AgroHUB","isPartOf":{"@id":"https:\/\/agrohub.com.br\/#website"},"primaryImageOfPage":{"@id":"https:\/\/agrohub.com.br\/indique-e-ganhe\/#primaryimage"},"image":{"@id":"https:\/\/agrohub.com.br\/indique-e-ganhe\/#primaryimage"},"thumbnailUrl":"https:\/\/agrohub.com.br\/wp-content\/uploads\/2021\/07\/cropped-favicon.png","datePublished":"2025-08-07T21:02:47+00:00","dateModified":"2025-08-29T20:08:00+00:00","breadcrumb":{"@id":"https:\/\/agrohub.com.br\/indique-e-ganhe\/#breadcrumb"},"inLanguage":"en-US","potentialAction":[{"@type":"ReadAction","target":["https:\/\/agrohub.com.br\/indique-e-ganhe\/"]}]},{"@type":"ImageObject","inLanguage":"en-US","@id":"https:\/\/agrohub.com.br\/indique-e-ganhe\/#primaryimage","url":"https:\/\/agrohub.com.br\/wp-content\/uploads\/2021\/07\/cropped-favicon.png","contentUrl":"https:\/\/agrohub.com.br\/wp-content\/uploads\/2021\/07\/cropped-favicon.png","width":512,"height":512},{"@type":"BreadcrumbList","@id":"https:\/\/agrohub.com.br\/indique-e-ganhe\/#breadcrumb","itemListElement":[{"@type":"ListItem","position":1,"name":"In\u00edcio","item":"https:\/\/agrohub.com.br\/"},{"@type":"ListItem","position":2,"name":"Indique e ganhe"}]},{"@type":"WebSite","@id":"https:\/\/agrohub.com.br\/#website","url":"https:\/\/agrohub.com.br\/","name":"AgroHUB","description":"","potentialAction":[{"@type":"SearchAction","target":{"@type":"EntryPoint","urlTemplate":"https:\/\/agrohub.com.br\/?s={search_term_string}"},"query-input":{"@type":"PropertyValueSpecification","valueRequired":true,"valueName":"search_term_string"}}],"inLanguage":"en-US"}]}},"_links":{"self":[{"href":"https:\/\/agrohub.com.br\/en\/wp-json\/wp\/v2\/pages\/3872","targetHints":{"allow":["GET"]}}],"collection":[{"href":"https:\/\/agrohub.com.br\/en\/wp-json\/wp\/v2\/pages"}],"about":[{"href":"https:\/\/agrohub.com.br\/en\/wp-json\/wp\/v2\/types\/page"}],"author":[{"embeddable":true,"href":"https:\/\/agrohub.com.br\/en\/wp-json\/wp\/v2\/users\/1"}],"replies":[{"embeddable":true,"href":"https:\/\/agrohub.com.br\/en\/wp-json\/wp\/v2\/comments?post=3872"}],"version-history":[{"count":71,"href":"https:\/\/agrohub.com.br\/en\/wp-json\/wp\/v2\/pages\/3872\/revisions"}],"predecessor-version":[{"id":4057,"href":"https:\/\/agrohub.com.br\/en\/wp-json\/wp\/v2\/pages\/3872\/revisions\/4057"}],"wp:featuredmedia":[{"embeddable":true,"href":"https:\/\/agrohub.com.br\/en\/wp-json\/wp\/v2\/media\/242"}],"wp:attachment":[{"href":"https:\/\/agrohub.com.br\/en\/wp-json\/wp\/v2\/media?parent=3872"}],"curies":[{"name":"wp","href":"https:\/\/api.w.org\/{rel}","templated":true}]}}