{"id":1515,"date":"2022-06-06T17:22:12","date_gmt":"2022-06-06T20:22:12","guid":{"rendered":"http:\/\/agrohub.com.br\/?page_id=1515"},"modified":"2023-06-07T15:18:00","modified_gmt":"2023-06-07T18:18:00","slug":"agrohub-mais","status":"publish","type":"page","link":"https:\/\/agrohub.com.br\/es\/agrohub-mais\/","title":{"rendered":"AgroHUB+"},"content":{"rendered":"<p>Usu\u00e1rios do AgroHUB que desejam desenvolver de maneira mais aprofundada e estrat\u00e9gica a gest\u00e3o dos seus neg\u00f3cios contam com a op\u00e7\u00e3o de contratar pacotes adicionais no AgroHUB+.<\/p>\n<p>Os servi\u00e7os extras s\u00e3o destinados a grupos societ\u00e1rios ou propriet\u00e1rios rurais que j\u00e1 realizam o acompanhamento da propriedade com o AgroHUB de maneira gratuita, mas que, pelo crescimento e desenvolvimento dos neg\u00f3cios, viram a necessidade de ir al\u00e9m.<\/p>\n<p>O AgroHUB+ foi desenvolvido com o objetivo de trazer ao gestor mais versatilidade nas a\u00e7\u00f5es e op\u00e7\u00f5es de controle e an\u00e1lise avan\u00e7ada para, com isso, obter dados ainda mais precisos e decis\u00f5es estrat\u00e9gicas baseadas em indicadores.<\/p>","protected":false},"excerpt":{"rendered":"<p>Usu\u00e1rios do AgroHUB que desejam desenvolver de maneira mais aprofundada e estrat\u00e9gica a gest\u00e3o dos seus neg\u00f3cios contam com a op\u00e7\u00e3o de contratar pacotes adicionais no AgroHUB+. Os servi\u00e7os extras s\u00e3o destinados a grupos [&hellip;]<\/p>\n","protected":false},"author":1,"featured_media":1817,"parent":0,"menu_order":20,"comment_status":"closed","ping_status":"closed","template":"page-agrohubplus.php","meta":{"_acf_changed":false,"_eb_attr":"","_joinchat":[],"footnotes":""},"class_list":["post-1515","page","type-page","status-publish","has-post-thumbnail","hentry"],"acf":[],"yoast_head":"<!-- This site is optimized with the Yoast SEO plugin v27.0 - https:\/\/yoast.com\/product\/yoast-seo-wordpress\/ -->\n<title>AgroHUB+<\/title>\n<meta name=\"robots\" content=\"index, follow, max-snippet:-1, max-image-preview:large, max-video-preview:-1\" \/>\n<link rel=\"canonical\" href=\"https:\/\/agrohub.com.br\/es\/agrohub-mais\/\" \/>\n<meta property=\"og:locale\" content=\"es_ES\" \/>\n<meta property=\"og:type\" content=\"article\" \/>\n<meta property=\"og:title\" content=\"AgroHUB+\" \/>\n<meta property=\"og:description\" content=\"Usu\u00e1rios do AgroHUB que desejam desenvolver de maneira mais aprofundada e estrat\u00e9gica a gest\u00e3o dos seus neg\u00f3cios contam com a op\u00e7\u00e3o de contratar pacotes adicionais no AgroHUB+. Os servi\u00e7os extras s\u00e3o destinados a grupos [&hellip;]\" \/>\n<meta property=\"og:url\" content=\"https:\/\/agrohub.com.br\/es\/agrohub-mais\/\" \/>\n<meta property=\"og:site_name\" content=\"AgroHUB\" \/>\n<meta property=\"article:modified_time\" content=\"2023-06-07T18:18:00+00:00\" \/>\n<meta property=\"og:image\" content=\"https:\/\/agrohub.com.br\/wp-content\/uploads\/2023\/05\/AgroHUB_Web_Banner_2-1024x461.png\" \/>\n\t<meta property=\"og:image:width\" content=\"1024\" \/>\n\t<meta property=\"og:image:height\" content=\"461\" \/>\n\t<meta property=\"og:image:type\" content=\"image\/png\" \/>\n<meta name=\"twitter:card\" content=\"summary_large_image\" \/>\n<meta name=\"twitter:label1\" content=\"Tiempo de lectura\" \/>\n\t<meta name=\"twitter:data1\" content=\"1 minuto\" \/>\n<script type=\"application\/ld+json\" class=\"yoast-schema-graph\">{\"@context\":\"https:\/\/schema.org\",\"@graph\":[{\"@type\":\"WebPage\",\"@id\":\"https:\/\/agrohub.com.br\/agrohub-mais\/\",\"url\":\"https:\/\/agrohub.com.br\/agrohub-mais\/\",\"name\":\"AgroHUB+\",\"isPartOf\":{\"@id\":\"https:\/\/agrohub.com.br\/#website\"},\"primaryImageOfPage\":{\"@id\":\"https:\/\/agrohub.com.br\/agrohub-mais\/#primaryimage\"},\"image\":{\"@id\":\"https:\/\/agrohub.com.br\/agrohub-mais\/#primaryimage\"},\"thumbnailUrl\":\"https:\/\/agrohub.com.br\/wp-content\/uploads\/2023\/05\/AgroHUB_Web_Banner_2.png\",\"datePublished\":\"2022-06-06T20:22:12+00:00\",\"dateModified\":\"2023-06-07T18:18:00+00:00\",\"breadcrumb\":{\"@id\":\"https:\/\/agrohub.com.br\/agrohub-mais\/#breadcrumb\"},\"inLanguage\":\"es\",\"potentialAction\":[{\"@type\":\"ReadAction\",\"target\":[\"https:\/\/agrohub.com.br\/agrohub-mais\/\"]}]},{\"@type\":\"ImageObject\",\"inLanguage\":\"es\",\"@id\":\"https:\/\/agrohub.com.br\/agrohub-mais\/#primaryimage\",\"url\":\"https:\/\/agrohub.com.br\/wp-content\/uploads\/2023\/05\/AgroHUB_Web_Banner_2.png\",\"contentUrl\":\"https:\/\/agrohub.com.br\/wp-content\/uploads\/2023\/05\/AgroHUB_Web_Banner_2.png\",\"width\":1920,\"height\":864},{\"@type\":\"BreadcrumbList\",\"@id\":\"https:\/\/agrohub.com.br\/agrohub-mais\/#breadcrumb\",\"itemListElement\":[{\"@type\":\"ListItem\",\"position\":1,\"name\":\"In\u00edcio\",\"item\":\"https:\/\/agrohub.com.br\/\"},{\"@type\":\"ListItem\",\"position\":2,\"name\":\"AgroHUB+\"}]},{\"@type\":\"WebSite\",\"@id\":\"https:\/\/agrohub.com.br\/#website\",\"url\":\"https:\/\/agrohub.com.br\/\",\"name\":\"AgroHUB\",\"description\":\"\",\"potentialAction\":[{\"@type\":\"SearchAction\",\"target\":{\"@type\":\"EntryPoint\",\"urlTemplate\":\"https:\/\/agrohub.com.br\/?s={search_term_string}\"},\"query-input\":{\"@type\":\"PropertyValueSpecification\",\"valueRequired\":true,\"valueName\":\"search_term_string\"}}],\"inLanguage\":\"es\"}]}<\/script>\n<!-- \/ Yoast SEO plugin. -->","yoast_head_json":{"title":"AgroHUB+","robots":{"index":"index","follow":"follow","max-snippet":"max-snippet:-1","max-image-preview":"max-image-preview:large","max-video-preview":"max-video-preview:-1"},"canonical":"https:\/\/agrohub.com.br\/es\/agrohub-mais\/","og_locale":"es_ES","og_type":"article","og_title":"AgroHUB+","og_description":"Usu\u00e1rios do AgroHUB que desejam desenvolver de maneira mais aprofundada e estrat\u00e9gica a gest\u00e3o dos seus neg\u00f3cios contam com a op\u00e7\u00e3o de contratar pacotes adicionais no AgroHUB+. Os servi\u00e7os extras s\u00e3o destinados a grupos [&hellip;]","og_url":"https:\/\/agrohub.com.br\/es\/agrohub-mais\/","og_site_name":"AgroHUB","article_modified_time":"2023-06-07T18:18:00+00:00","og_image":[{"width":1024,"height":461,"url":"https:\/\/agrohub.com.br\/wp-content\/uploads\/2023\/05\/AgroHUB_Web_Banner_2-1024x461.png","type":"image\/png"}],"twitter_card":"summary_large_image","twitter_misc":{"Tiempo de lectura":"1 minuto"},"schema":{"@context":"https:\/\/schema.org","@graph":[{"@type":"WebPage","@id":"https:\/\/agrohub.com.br\/agrohub-mais\/","url":"https:\/\/agrohub.com.br\/agrohub-mais\/","name":"AgroHUB+","isPartOf":{"@id":"https:\/\/agrohub.com.br\/#website"},"primaryImageOfPage":{"@id":"https:\/\/agrohub.com.br\/agrohub-mais\/#primaryimage"},"image":{"@id":"https:\/\/agrohub.com.br\/agrohub-mais\/#primaryimage"},"thumbnailUrl":"https:\/\/agrohub.com.br\/wp-content\/uploads\/2023\/05\/AgroHUB_Web_Banner_2.png","datePublished":"2022-06-06T20:22:12+00:00","dateModified":"2023-06-07T18:18:00+00:00","breadcrumb":{"@id":"https:\/\/agrohub.com.br\/agrohub-mais\/#breadcrumb"},"inLanguage":"es","potentialAction":[{"@type":"ReadAction","target":["https:\/\/agrohub.com.br\/agrohub-mais\/"]}]},{"@type":"ImageObject","inLanguage":"es","@id":"https:\/\/agrohub.com.br\/agrohub-mais\/#primaryimage","url":"https:\/\/agrohub.com.br\/wp-content\/uploads\/2023\/05\/AgroHUB_Web_Banner_2.png","contentUrl":"https:\/\/agrohub.com.br\/wp-content\/uploads\/2023\/05\/AgroHUB_Web_Banner_2.png","width":1920,"height":864},{"@type":"BreadcrumbList","@id":"https:\/\/agrohub.com.br\/agrohub-mais\/#breadcrumb","itemListElement":[{"@type":"ListItem","position":1,"name":"In\u00edcio","item":"https:\/\/agrohub.com.br\/"},{"@type":"ListItem","position":2,"name":"AgroHUB+"}]},{"@type":"WebSite","@id":"https:\/\/agrohub.com.br\/#website","url":"https:\/\/agrohub.com.br\/","name":"AgroHUB","description":"","potentialAction":[{"@type":"SearchAction","target":{"@type":"EntryPoint","urlTemplate":"https:\/\/agrohub.com.br\/?s={search_term_string}"},"query-input":{"@type":"PropertyValueSpecification","valueRequired":true,"valueName":"search_term_string"}}],"inLanguage":"es"}]}},"_links":{"self":[{"href":"https:\/\/agrohub.com.br\/es\/wp-json\/wp\/v2\/pages\/1515","targetHints":{"allow":["GET"]}}],"collection":[{"href":"https:\/\/agrohub.com.br\/es\/wp-json\/wp\/v2\/pages"}],"about":[{"href":"https:\/\/agrohub.com.br\/es\/wp-json\/wp\/v2\/types\/page"}],"author":[{"embeddable":true,"href":"https:\/\/agrohub.com.br\/es\/wp-json\/wp\/v2\/users\/1"}],"replies":[{"embeddable":true,"href":"https:\/\/agrohub.com.br\/es\/wp-json\/wp\/v2\/comments?post=1515"}],"version-history":[{"count":6,"href":"https:\/\/agrohub.com.br\/es\/wp-json\/wp\/v2\/pages\/1515\/revisions"}],"predecessor-version":[{"id":1834,"href":"https:\/\/agrohub.com.br\/es\/wp-json\/wp\/v2\/pages\/1515\/revisions\/1834"}],"wp:featuredmedia":[{"embeddable":true,"href":"https:\/\/agrohub.com.br\/es\/wp-json\/wp\/v2\/media\/1817"}],"wp:attachment":[{"href":"https:\/\/agrohub.com.br\/es\/wp-json\/wp\/v2\/media?parent=1515"}],"curies":[{"name":"wp","href":"https:\/\/api.w.org\/{rel}","templated":true}]}}