{"id":1535,"date":"2022-06-06T18:34:06","date_gmt":"2022-06-06T21:34:06","guid":{"rendered":"http:\/\/agrohub.com.br\/?page_id=1535"},"modified":"2024-03-04T20:34:22","modified_gmt":"2024-03-04T23:34:22","slug":"gestao-financeira","status":"publish","type":"page","link":"https:\/\/agrohub.com.br\/es\/agrohub-mais\/gestao-financeira\/","title":{"rendered":"Gesti\u00f3n financiera"},"content":{"rendered":"<p>Com esta funcionalidade, voc\u00ea tem um controle financeiro avan\u00e7ado da sua fazenda, com centros de custos e contas banc\u00e1rias ilimitados; cadastro de s\u00f3cios e designa\u00e7\u00e3o de opera\u00e7\u00f5es financeiras por s\u00f3cio, facilitando fechamentos anuais; relat\u00f3rios financeiros avan\u00e7ados; gerenciamento dos acessos dos usu\u00e1rios dentro da fazenda, controlando o que cada usu\u00e1rio pode ver e fazer no sistema, al\u00e9m de aumento do limite de usu\u00e1rios operadores de 3 para 9 dentro da fazenda.<\/p>","protected":false},"excerpt":{"rendered":"<p>Com esta funcionalidade, voc\u00ea tem um controle financeiro avan\u00e7ado da sua fazenda, com centros de custos e contas banc\u00e1rias ilimitados; cadastro de s\u00f3cios e designa\u00e7\u00e3o de opera\u00e7\u00f5es financeiras por s\u00f3cio, facilitando fechamentos anuais; relat\u00f3rios [&hellip;]<\/p>\n","protected":false},"author":1,"featured_media":1559,"parent":1515,"menu_order":21,"comment_status":"closed","ping_status":"closed","template":"page-plus.php","meta":{"_acf_changed":false,"_eb_attr":"","_joinchat":[],"footnotes":""},"class_list":["post-1535","page","type-page","status-publish","has-post-thumbnail","hentry"],"acf":[],"yoast_head":"<!-- This site is optimized with the Yoast SEO plugin v27.0 - https:\/\/yoast.com\/product\/yoast-seo-wordpress\/ -->\n<title>Gest\u00e3o financeira - AgroHUB+<\/title>\n<meta name=\"robots\" content=\"index, follow, max-snippet:-1, max-image-preview:large, max-video-preview:-1\" \/>\n<link rel=\"canonical\" href=\"https:\/\/agrohub.com.br\/es\/agrohub-mais\/gestao-financeira\/\" \/>\n<meta property=\"og:locale\" content=\"es_ES\" \/>\n<meta property=\"og:type\" content=\"article\" \/>\n<meta property=\"og:title\" content=\"Gest\u00e3o financeira - AgroHUB+\" \/>\n<meta property=\"og:description\" content=\"Com esta funcionalidade, voc\u00ea tem um controle financeiro avan\u00e7ado da sua fazenda, com centros de custos e contas banc\u00e1rias ilimitados; cadastro de s\u00f3cios e designa\u00e7\u00e3o de opera\u00e7\u00f5es financeiras por s\u00f3cio, facilitando fechamentos anuais; relat\u00f3rios [&hellip;]\" \/>\n<meta property=\"og:url\" content=\"https:\/\/agrohub.com.br\/es\/agrohub-mais\/gestao-financeira\/\" \/>\n<meta property=\"og:site_name\" content=\"AgroHUB\" \/>\n<meta property=\"article:modified_time\" content=\"2024-03-04T23:34:22+00:00\" \/>\n<meta property=\"og:image\" content=\"https:\/\/agrohub.com.br\/wp-content\/uploads\/2022\/06\/gestaoFinanceira.webp\" \/>\n\t<meta property=\"og:image:width\" content=\"326\" \/>\n\t<meta property=\"og:image:height\" content=\"306\" \/>\n\t<meta property=\"og:image:type\" content=\"image\/webp\" \/>\n<meta name=\"twitter:card\" content=\"summary_large_image\" \/>\n<meta name=\"twitter:label1\" content=\"Tiempo de lectura\" \/>\n\t<meta name=\"twitter:data1\" content=\"1 minuto\" \/>\n<script type=\"application\/ld+json\" class=\"yoast-schema-graph\">{\"@context\":\"https:\/\/schema.org\",\"@graph\":[{\"@type\":\"WebPage\",\"@id\":\"https:\/\/agrohub.com.br\/agrohub-mais\/gestao-financeira\/\",\"url\":\"https:\/\/agrohub.com.br\/agrohub-mais\/gestao-financeira\/\",\"name\":\"Gest\u00e3o financeira - AgroHUB+\",\"isPartOf\":{\"@id\":\"https:\/\/agrohub.com.br\/#website\"},\"primaryImageOfPage\":{\"@id\":\"https:\/\/agrohub.com.br\/agrohub-mais\/gestao-financeira\/#primaryimage\"},\"image\":{\"@id\":\"https:\/\/agrohub.com.br\/agrohub-mais\/gestao-financeira\/#primaryimage\"},\"thumbnailUrl\":\"https:\/\/agrohub.com.br\/wp-content\/uploads\/2022\/06\/gestaoFinanceira.webp\",\"datePublished\":\"2022-06-06T21:34:06+00:00\",\"dateModified\":\"2024-03-04T23:34:22+00:00\",\"breadcrumb\":{\"@id\":\"https:\/\/agrohub.com.br\/agrohub-mais\/gestao-financeira\/#breadcrumb\"},\"inLanguage\":\"es\",\"potentialAction\":[{\"@type\":\"ReadAction\",\"target\":[\"https:\/\/agrohub.com.br\/agrohub-mais\/gestao-financeira\/\"]}]},{\"@type\":\"ImageObject\",\"inLanguage\":\"es\",\"@id\":\"https:\/\/agrohub.com.br\/agrohub-mais\/gestao-financeira\/#primaryimage\",\"url\":\"https:\/\/agrohub.com.br\/wp-content\/uploads\/2022\/06\/gestaoFinanceira.webp\",\"contentUrl\":\"https:\/\/agrohub.com.br\/wp-content\/uploads\/2022\/06\/gestaoFinanceira.webp\",\"width\":326,\"height\":306},{\"@type\":\"BreadcrumbList\",\"@id\":\"https:\/\/agrohub.com.br\/agrohub-mais\/gestao-financeira\/#breadcrumb\",\"itemListElement\":[{\"@type\":\"ListItem\",\"position\":1,\"name\":\"In\u00edcio\",\"item\":\"https:\/\/agrohub.com.br\/\"},{\"@type\":\"ListItem\",\"position\":2,\"name\":\"AgroHUB+\",\"item\":\"https:\/\/agrohub.com.br\/agrohub-mais\/\"},{\"@type\":\"ListItem\",\"position\":3,\"name\":\"Gest\u00e3o financeira\"}]},{\"@type\":\"WebSite\",\"@id\":\"https:\/\/agrohub.com.br\/#website\",\"url\":\"https:\/\/agrohub.com.br\/\",\"name\":\"AgroHUB\",\"description\":\"\",\"potentialAction\":[{\"@type\":\"SearchAction\",\"target\":{\"@type\":\"EntryPoint\",\"urlTemplate\":\"https:\/\/agrohub.com.br\/?s={search_term_string}\"},\"query-input\":{\"@type\":\"PropertyValueSpecification\",\"valueRequired\":true,\"valueName\":\"search_term_string\"}}],\"inLanguage\":\"es\"}]}<\/script>\n<!-- \/ Yoast SEO plugin. -->","yoast_head_json":{"title":"Gest\u00e3o financeira - AgroHUB+","robots":{"index":"index","follow":"follow","max-snippet":"max-snippet:-1","max-image-preview":"max-image-preview:large","max-video-preview":"max-video-preview:-1"},"canonical":"https:\/\/agrohub.com.br\/es\/agrohub-mais\/gestao-financeira\/","og_locale":"es_ES","og_type":"article","og_title":"Gest\u00e3o financeira - AgroHUB+","og_description":"Com esta funcionalidade, voc\u00ea tem um controle financeiro avan\u00e7ado da sua fazenda, com centros de custos e contas banc\u00e1rias ilimitados; cadastro de s\u00f3cios e designa\u00e7\u00e3o de opera\u00e7\u00f5es financeiras por s\u00f3cio, facilitando fechamentos anuais; relat\u00f3rios [&hellip;]","og_url":"https:\/\/agrohub.com.br\/es\/agrohub-mais\/gestao-financeira\/","og_site_name":"AgroHUB","article_modified_time":"2024-03-04T23:34:22+00:00","og_image":[{"width":326,"height":306,"url":"https:\/\/agrohub.com.br\/wp-content\/uploads\/2022\/06\/gestaoFinanceira.webp","type":"image\/webp"}],"twitter_card":"summary_large_image","twitter_misc":{"Tiempo de lectura":"1 minuto"},"schema":{"@context":"https:\/\/schema.org","@graph":[{"@type":"WebPage","@id":"https:\/\/agrohub.com.br\/agrohub-mais\/gestao-financeira\/","url":"https:\/\/agrohub.com.br\/agrohub-mais\/gestao-financeira\/","name":"Gest\u00e3o financeira - AgroHUB+","isPartOf":{"@id":"https:\/\/agrohub.com.br\/#website"},"primaryImageOfPage":{"@id":"https:\/\/agrohub.com.br\/agrohub-mais\/gestao-financeira\/#primaryimage"},"image":{"@id":"https:\/\/agrohub.com.br\/agrohub-mais\/gestao-financeira\/#primaryimage"},"thumbnailUrl":"https:\/\/agrohub.com.br\/wp-content\/uploads\/2022\/06\/gestaoFinanceira.webp","datePublished":"2022-06-06T21:34:06+00:00","dateModified":"2024-03-04T23:34:22+00:00","breadcrumb":{"@id":"https:\/\/agrohub.com.br\/agrohub-mais\/gestao-financeira\/#breadcrumb"},"inLanguage":"es","potentialAction":[{"@type":"ReadAction","target":["https:\/\/agrohub.com.br\/agrohub-mais\/gestao-financeira\/"]}]},{"@type":"ImageObject","inLanguage":"es","@id":"https:\/\/agrohub.com.br\/agrohub-mais\/gestao-financeira\/#primaryimage","url":"https:\/\/agrohub.com.br\/wp-content\/uploads\/2022\/06\/gestaoFinanceira.webp","contentUrl":"https:\/\/agrohub.com.br\/wp-content\/uploads\/2022\/06\/gestaoFinanceira.webp","width":326,"height":306},{"@type":"BreadcrumbList","@id":"https:\/\/agrohub.com.br\/agrohub-mais\/gestao-financeira\/#breadcrumb","itemListElement":[{"@type":"ListItem","position":1,"name":"In\u00edcio","item":"https:\/\/agrohub.com.br\/"},{"@type":"ListItem","position":2,"name":"AgroHUB+","item":"https:\/\/agrohub.com.br\/agrohub-mais\/"},{"@type":"ListItem","position":3,"name":"Gest\u00e3o financeira"}]},{"@type":"WebSite","@id":"https:\/\/agrohub.com.br\/#website","url":"https:\/\/agrohub.com.br\/","name":"AgroHUB","description":"","potentialAction":[{"@type":"SearchAction","target":{"@type":"EntryPoint","urlTemplate":"https:\/\/agrohub.com.br\/?s={search_term_string}"},"query-input":{"@type":"PropertyValueSpecification","valueRequired":true,"valueName":"search_term_string"}}],"inLanguage":"es"}]}},"_links":{"self":[{"href":"https:\/\/agrohub.com.br\/es\/wp-json\/wp\/v2\/pages\/1535","targetHints":{"allow":["GET"]}}],"collection":[{"href":"https:\/\/agrohub.com.br\/es\/wp-json\/wp\/v2\/pages"}],"about":[{"href":"https:\/\/agrohub.com.br\/es\/wp-json\/wp\/v2\/types\/page"}],"author":[{"embeddable":true,"href":"https:\/\/agrohub.com.br\/es\/wp-json\/wp\/v2\/users\/1"}],"replies":[{"embeddable":true,"href":"https:\/\/agrohub.com.br\/es\/wp-json\/wp\/v2\/comments?post=1535"}],"version-history":[{"count":3,"href":"https:\/\/agrohub.com.br\/es\/wp-json\/wp\/v2\/pages\/1535\/revisions"}],"predecessor-version":[{"id":2100,"href":"https:\/\/agrohub.com.br\/es\/wp-json\/wp\/v2\/pages\/1535\/revisions\/2100"}],"up":[{"embeddable":true,"href":"https:\/\/agrohub.com.br\/es\/wp-json\/wp\/v2\/pages\/1515"}],"wp:featuredmedia":[{"embeddable":true,"href":"https:\/\/agrohub.com.br\/es\/wp-json\/wp\/v2\/media\/1559"}],"wp:attachment":[{"href":"https:\/\/agrohub.com.br\/es\/wp-json\/wp\/v2\/media?parent=1535"}],"curies":[{"name":"wp","href":"https:\/\/api.w.org\/{rel}","templated":true}]}}