{"id":1541,"date":"2022-06-06T18:40:54","date_gmt":"2022-06-06T21:40:54","guid":{"rendered":"http:\/\/agrohub.com.br\/?page_id=1541"},"modified":"2024-03-04T20:39:04","modified_gmt":"2024-03-04T23:39:04","slug":"manejo-por-satelite","status":"publish","type":"page","link":"https:\/\/agrohub.com.br\/es\/agrohub-mais\/manejo-por-satelite\/","title":{"rendered":"Gesti\u00f3n de sat\u00e9lites"},"content":{"rendered":"<p>Atrav\u00e9s de imagens de sat\u00e9lite georreferenciadas da sua fazenda, calculamos a Massa de Forragem \u00e1rea por \u00e1rea com precis\u00e3o de mais de 90%, permitindo o ajuste do manejo de gado a partir da Oferta de Forragem de forma confi\u00e1vel, visando alcan\u00e7ar maior produtividade e rentabilidade. Oferecemos tamb\u00e9m o servi\u00e7o de orienta\u00e7\u00e3o de manejo, compra e venda de animais, suplementa\u00e7\u00e3o e capacita\u00e7\u00e3o no uso da ferramenta, de forma personalizada e baseada nos dados mensais de cada fazenda.<\/p>","protected":false},"excerpt":{"rendered":"<p>Atrav\u00e9s de imagens de sat\u00e9lite georreferenciadas da sua fazenda, calculamos a Massa de Forragem \u00e1rea por \u00e1rea com precis\u00e3o de mais de 90%, permitindo o ajuste do manejo de gado a partir da Oferta [&hellip;]<\/p>\n","protected":false},"author":1,"featured_media":1561,"parent":1515,"menu_order":22,"comment_status":"closed","ping_status":"closed","template":"page-plus.php","meta":{"_acf_changed":false,"_eb_attr":"","_joinchat":[],"footnotes":""},"class_list":["post-1541","page","type-page","status-publish","has-post-thumbnail","hentry"],"acf":[],"yoast_head":"<!-- This site is optimized with the Yoast SEO plugin v27.0 - https:\/\/yoast.com\/product\/yoast-seo-wordpress\/ -->\n<title>Manejo por sat\u00e9lite - AgroHUB+<\/title>\n<meta name=\"robots\" content=\"index, follow, max-snippet:-1, max-image-preview:large, max-video-preview:-1\" \/>\n<link rel=\"canonical\" href=\"https:\/\/agrohub.com.br\/es\/agrohub-mais\/manejo-por-satelite\/\" \/>\n<meta property=\"og:locale\" content=\"es_ES\" \/>\n<meta property=\"og:type\" content=\"article\" \/>\n<meta property=\"og:title\" content=\"Manejo por sat\u00e9lite - AgroHUB+\" \/>\n<meta property=\"og:description\" content=\"Atrav\u00e9s de imagens de sat\u00e9lite georreferenciadas da sua fazenda, calculamos a Massa de Forragem \u00e1rea por \u00e1rea com precis\u00e3o de mais de 90%, permitindo o ajuste do manejo de gado a partir da Oferta [&hellip;]\" \/>\n<meta property=\"og:url\" content=\"https:\/\/agrohub.com.br\/es\/agrohub-mais\/manejo-por-satelite\/\" \/>\n<meta property=\"og:site_name\" content=\"AgroHUB\" \/>\n<meta property=\"article:modified_time\" content=\"2024-03-04T23:39:04+00:00\" \/>\n<meta property=\"og:image\" content=\"https:\/\/agrohub.com.br\/wp-content\/uploads\/2022\/06\/manejoPorSatelite.webp\" \/>\n\t<meta property=\"og:image:width\" content=\"316\" \/>\n\t<meta property=\"og:image:height\" content=\"304\" \/>\n\t<meta property=\"og:image:type\" content=\"image\/webp\" \/>\n<meta name=\"twitter:card\" content=\"summary_large_image\" \/>\n<meta name=\"twitter:label1\" content=\"Tiempo de lectura\" \/>\n\t<meta name=\"twitter:data1\" content=\"1 minuto\" \/>\n<script type=\"application\/ld+json\" class=\"yoast-schema-graph\">{\"@context\":\"https:\/\/schema.org\",\"@graph\":[{\"@type\":\"WebPage\",\"@id\":\"https:\/\/agrohub.com.br\/agrohub-mais\/manejo-por-satelite\/\",\"url\":\"https:\/\/agrohub.com.br\/agrohub-mais\/manejo-por-satelite\/\",\"name\":\"Manejo por sat\u00e9lite - AgroHUB+\",\"isPartOf\":{\"@id\":\"https:\/\/agrohub.com.br\/#website\"},\"primaryImageOfPage\":{\"@id\":\"https:\/\/agrohub.com.br\/agrohub-mais\/manejo-por-satelite\/#primaryimage\"},\"image\":{\"@id\":\"https:\/\/agrohub.com.br\/agrohub-mais\/manejo-por-satelite\/#primaryimage\"},\"thumbnailUrl\":\"https:\/\/agrohub.com.br\/wp-content\/uploads\/2022\/06\/manejoPorSatelite.webp\",\"datePublished\":\"2022-06-06T21:40:54+00:00\",\"dateModified\":\"2024-03-04T23:39:04+00:00\",\"breadcrumb\":{\"@id\":\"https:\/\/agrohub.com.br\/agrohub-mais\/manejo-por-satelite\/#breadcrumb\"},\"inLanguage\":\"es\",\"potentialAction\":[{\"@type\":\"ReadAction\",\"target\":[\"https:\/\/agrohub.com.br\/agrohub-mais\/manejo-por-satelite\/\"]}]},{\"@type\":\"ImageObject\",\"inLanguage\":\"es\",\"@id\":\"https:\/\/agrohub.com.br\/agrohub-mais\/manejo-por-satelite\/#primaryimage\",\"url\":\"https:\/\/agrohub.com.br\/wp-content\/uploads\/2022\/06\/manejoPorSatelite.webp\",\"contentUrl\":\"https:\/\/agrohub.com.br\/wp-content\/uploads\/2022\/06\/manejoPorSatelite.webp\",\"width\":316,\"height\":304},{\"@type\":\"BreadcrumbList\",\"@id\":\"https:\/\/agrohub.com.br\/agrohub-mais\/manejo-por-satelite\/#breadcrumb\",\"itemListElement\":[{\"@type\":\"ListItem\",\"position\":1,\"name\":\"In\u00edcio\",\"item\":\"https:\/\/agrohub.com.br\/\"},{\"@type\":\"ListItem\",\"position\":2,\"name\":\"AgroHUB+\",\"item\":\"https:\/\/agrohub.com.br\/agrohub-mais\/\"},{\"@type\":\"ListItem\",\"position\":3,\"name\":\"Manejo por sat\u00e9lite\"}]},{\"@type\":\"WebSite\",\"@id\":\"https:\/\/agrohub.com.br\/#website\",\"url\":\"https:\/\/agrohub.com.br\/\",\"name\":\"AgroHUB\",\"description\":\"\",\"potentialAction\":[{\"@type\":\"SearchAction\",\"target\":{\"@type\":\"EntryPoint\",\"urlTemplate\":\"https:\/\/agrohub.com.br\/?s={search_term_string}\"},\"query-input\":{\"@type\":\"PropertyValueSpecification\",\"valueRequired\":true,\"valueName\":\"search_term_string\"}}],\"inLanguage\":\"es\"}]}<\/script>\n<!-- \/ Yoast SEO plugin. -->","yoast_head_json":{"title":"Manejo por sat\u00e9lite - AgroHUB+","robots":{"index":"index","follow":"follow","max-snippet":"max-snippet:-1","max-image-preview":"max-image-preview:large","max-video-preview":"max-video-preview:-1"},"canonical":"https:\/\/agrohub.com.br\/es\/agrohub-mais\/manejo-por-satelite\/","og_locale":"es_ES","og_type":"article","og_title":"Manejo por sat\u00e9lite - AgroHUB+","og_description":"Atrav\u00e9s de imagens de sat\u00e9lite georreferenciadas da sua fazenda, calculamos a Massa de Forragem \u00e1rea por \u00e1rea com precis\u00e3o de mais de 90%, permitindo o ajuste do manejo de gado a partir da Oferta [&hellip;]","og_url":"https:\/\/agrohub.com.br\/es\/agrohub-mais\/manejo-por-satelite\/","og_site_name":"AgroHUB","article_modified_time":"2024-03-04T23:39:04+00:00","og_image":[{"width":316,"height":304,"url":"https:\/\/agrohub.com.br\/wp-content\/uploads\/2022\/06\/manejoPorSatelite.webp","type":"image\/webp"}],"twitter_card":"summary_large_image","twitter_misc":{"Tiempo de lectura":"1 minuto"},"schema":{"@context":"https:\/\/schema.org","@graph":[{"@type":"WebPage","@id":"https:\/\/agrohub.com.br\/agrohub-mais\/manejo-por-satelite\/","url":"https:\/\/agrohub.com.br\/agrohub-mais\/manejo-por-satelite\/","name":"Manejo por sat\u00e9lite - AgroHUB+","isPartOf":{"@id":"https:\/\/agrohub.com.br\/#website"},"primaryImageOfPage":{"@id":"https:\/\/agrohub.com.br\/agrohub-mais\/manejo-por-satelite\/#primaryimage"},"image":{"@id":"https:\/\/agrohub.com.br\/agrohub-mais\/manejo-por-satelite\/#primaryimage"},"thumbnailUrl":"https:\/\/agrohub.com.br\/wp-content\/uploads\/2022\/06\/manejoPorSatelite.webp","datePublished":"2022-06-06T21:40:54+00:00","dateModified":"2024-03-04T23:39:04+00:00","breadcrumb":{"@id":"https:\/\/agrohub.com.br\/agrohub-mais\/manejo-por-satelite\/#breadcrumb"},"inLanguage":"es","potentialAction":[{"@type":"ReadAction","target":["https:\/\/agrohub.com.br\/agrohub-mais\/manejo-por-satelite\/"]}]},{"@type":"ImageObject","inLanguage":"es","@id":"https:\/\/agrohub.com.br\/agrohub-mais\/manejo-por-satelite\/#primaryimage","url":"https:\/\/agrohub.com.br\/wp-content\/uploads\/2022\/06\/manejoPorSatelite.webp","contentUrl":"https:\/\/agrohub.com.br\/wp-content\/uploads\/2022\/06\/manejoPorSatelite.webp","width":316,"height":304},{"@type":"BreadcrumbList","@id":"https:\/\/agrohub.com.br\/agrohub-mais\/manejo-por-satelite\/#breadcrumb","itemListElement":[{"@type":"ListItem","position":1,"name":"In\u00edcio","item":"https:\/\/agrohub.com.br\/"},{"@type":"ListItem","position":2,"name":"AgroHUB+","item":"https:\/\/agrohub.com.br\/agrohub-mais\/"},{"@type":"ListItem","position":3,"name":"Manejo por sat\u00e9lite"}]},{"@type":"WebSite","@id":"https:\/\/agrohub.com.br\/#website","url":"https:\/\/agrohub.com.br\/","name":"AgroHUB","description":"","potentialAction":[{"@type":"SearchAction","target":{"@type":"EntryPoint","urlTemplate":"https:\/\/agrohub.com.br\/?s={search_term_string}"},"query-input":{"@type":"PropertyValueSpecification","valueRequired":true,"valueName":"search_term_string"}}],"inLanguage":"es"}]}},"_links":{"self":[{"href":"https:\/\/agrohub.com.br\/es\/wp-json\/wp\/v2\/pages\/1541","targetHints":{"allow":["GET"]}}],"collection":[{"href":"https:\/\/agrohub.com.br\/es\/wp-json\/wp\/v2\/pages"}],"about":[{"href":"https:\/\/agrohub.com.br\/es\/wp-json\/wp\/v2\/types\/page"}],"author":[{"embeddable":true,"href":"https:\/\/agrohub.com.br\/es\/wp-json\/wp\/v2\/users\/1"}],"replies":[{"embeddable":true,"href":"https:\/\/agrohub.com.br\/es\/wp-json\/wp\/v2\/comments?post=1541"}],"version-history":[{"count":8,"href":"https:\/\/agrohub.com.br\/es\/wp-json\/wp\/v2\/pages\/1541\/revisions"}],"predecessor-version":[{"id":2105,"href":"https:\/\/agrohub.com.br\/es\/wp-json\/wp\/v2\/pages\/1541\/revisions\/2105"}],"up":[{"embeddable":true,"href":"https:\/\/agrohub.com.br\/es\/wp-json\/wp\/v2\/pages\/1515"}],"wp:featuredmedia":[{"embeddable":true,"href":"https:\/\/agrohub.com.br\/es\/wp-json\/wp\/v2\/media\/1561"}],"wp:attachment":[{"href":"https:\/\/agrohub.com.br\/es\/wp-json\/wp\/v2\/media?parent=1541"}],"curies":[{"name":"wp","href":"https:\/\/api.w.org\/{rel}","templated":true}]}}