{"id":1543,"date":"2022-06-06T18:43:08","date_gmt":"2022-06-06T21:43:08","guid":{"rendered":"http:\/\/agrohub.com.br\/?page_id=1543"},"modified":"2024-03-04T20:39:57","modified_gmt":"2024-03-04T23:39:57","slug":"multi-fazendas","status":"publish","type":"page","link":"https:\/\/agrohub.com.br\/es\/agrohub-mais\/multi-fazendas\/","title":{"rendered":"Multi Fazendas"},"content":{"rendered":"<p>Para grupos de fazendas, oferecemos uma solu\u00e7\u00e3o integrada. As fazendas do grupo contam com o AgroHUB para gerenciar suas a\u00e7\u00f5es do dia a dia, cada uma com sua rotina, funcion\u00e1rios e opera\u00e7\u00f5es. Os dados gerados podem ser consultados isoladamente ou no grupo, permitindo an\u00e1lise do resultado geral e de cada unidade. As fazendas poder\u00e3o transferir animais e produtos entre si.<\/p>\n<p>Com a funcionalidade Multifazendas, voc\u00ea tem a unifica\u00e7\u00e3o da vis\u00e3o da gest\u00e3o de todas as suas propriedades, trazendo mais transpar\u00eancia e assertividade nas an\u00e1lises.<\/p>","protected":false},"excerpt":{"rendered":"<p>Para grupos de fazendas, oferecemos uma solu\u00e7\u00e3o integrada. As fazendas do grupo contam com o AgroHUB para gerenciar suas a\u00e7\u00f5es do dia a dia, cada uma com sua rotina, funcion\u00e1rios e opera\u00e7\u00f5es. Os dados [&hellip;]<\/p>\n","protected":false},"author":1,"featured_media":1562,"parent":1515,"menu_order":23,"comment_status":"closed","ping_status":"closed","template":"page-plus.php","meta":{"_acf_changed":false,"_eb_attr":"","_joinchat":[],"footnotes":""},"class_list":["post-1543","page","type-page","status-publish","has-post-thumbnail","hentry"],"acf":[],"yoast_head":"<!-- This site is optimized with the Yoast SEO plugin v27.0 - https:\/\/yoast.com\/product\/yoast-seo-wordpress\/ -->\n<title>Multi Fazendas - AgroHUB+<\/title>\n<meta name=\"robots\" content=\"index, follow, max-snippet:-1, max-image-preview:large, max-video-preview:-1\" \/>\n<link rel=\"canonical\" href=\"https:\/\/agrohub.com.br\/es\/agrohub-mais\/multi-fazendas\/\" \/>\n<meta property=\"og:locale\" content=\"es_ES\" \/>\n<meta property=\"og:type\" content=\"article\" \/>\n<meta property=\"og:title\" content=\"Multi Fazendas - AgroHUB+\" \/>\n<meta property=\"og:description\" content=\"Para grupos de fazendas, oferecemos uma solu\u00e7\u00e3o integrada. As fazendas do grupo contam com o AgroHUB para gerenciar suas a\u00e7\u00f5es do dia a dia, cada uma com sua rotina, funcion\u00e1rios e opera\u00e7\u00f5es. Os dados [&hellip;]\" \/>\n<meta property=\"og:url\" content=\"https:\/\/agrohub.com.br\/es\/agrohub-mais\/multi-fazendas\/\" \/>\n<meta property=\"og:site_name\" content=\"AgroHUB\" \/>\n<meta property=\"article:modified_time\" content=\"2024-03-04T23:39:57+00:00\" \/>\n<meta property=\"og:image\" content=\"https:\/\/agrohub.com.br\/wp-content\/uploads\/2022\/06\/multiFazendas.webp\" \/>\n\t<meta property=\"og:image:width\" content=\"317\" \/>\n\t<meta property=\"og:image:height\" content=\"304\" \/>\n\t<meta property=\"og:image:type\" content=\"image\/webp\" \/>\n<meta name=\"twitter:card\" content=\"summary_large_image\" \/>\n<meta name=\"twitter:label1\" content=\"Tiempo de lectura\" \/>\n\t<meta name=\"twitter:data1\" content=\"1 minuto\" \/>\n<script type=\"application\/ld+json\" class=\"yoast-schema-graph\">{\"@context\":\"https:\/\/schema.org\",\"@graph\":[{\"@type\":\"WebPage\",\"@id\":\"https:\/\/agrohub.com.br\/agrohub-mais\/multi-fazendas\/\",\"url\":\"https:\/\/agrohub.com.br\/agrohub-mais\/multi-fazendas\/\",\"name\":\"Multi Fazendas - AgroHUB+\",\"isPartOf\":{\"@id\":\"https:\/\/agrohub.com.br\/#website\"},\"primaryImageOfPage\":{\"@id\":\"https:\/\/agrohub.com.br\/agrohub-mais\/multi-fazendas\/#primaryimage\"},\"image\":{\"@id\":\"https:\/\/agrohub.com.br\/agrohub-mais\/multi-fazendas\/#primaryimage\"},\"thumbnailUrl\":\"https:\/\/agrohub.com.br\/wp-content\/uploads\/2022\/06\/multiFazendas.webp\",\"datePublished\":\"2022-06-06T21:43:08+00:00\",\"dateModified\":\"2024-03-04T23:39:57+00:00\",\"breadcrumb\":{\"@id\":\"https:\/\/agrohub.com.br\/agrohub-mais\/multi-fazendas\/#breadcrumb\"},\"inLanguage\":\"es\",\"potentialAction\":[{\"@type\":\"ReadAction\",\"target\":[\"https:\/\/agrohub.com.br\/agrohub-mais\/multi-fazendas\/\"]}]},{\"@type\":\"ImageObject\",\"inLanguage\":\"es\",\"@id\":\"https:\/\/agrohub.com.br\/agrohub-mais\/multi-fazendas\/#primaryimage\",\"url\":\"https:\/\/agrohub.com.br\/wp-content\/uploads\/2022\/06\/multiFazendas.webp\",\"contentUrl\":\"https:\/\/agrohub.com.br\/wp-content\/uploads\/2022\/06\/multiFazendas.webp\",\"width\":317,\"height\":304},{\"@type\":\"BreadcrumbList\",\"@id\":\"https:\/\/agrohub.com.br\/agrohub-mais\/multi-fazendas\/#breadcrumb\",\"itemListElement\":[{\"@type\":\"ListItem\",\"position\":1,\"name\":\"In\u00edcio\",\"item\":\"https:\/\/agrohub.com.br\/\"},{\"@type\":\"ListItem\",\"position\":2,\"name\":\"AgroHUB+\",\"item\":\"https:\/\/agrohub.com.br\/agrohub-mais\/\"},{\"@type\":\"ListItem\",\"position\":3,\"name\":\"Multi Fazendas\"}]},{\"@type\":\"WebSite\",\"@id\":\"https:\/\/agrohub.com.br\/#website\",\"url\":\"https:\/\/agrohub.com.br\/\",\"name\":\"AgroHUB\",\"description\":\"\",\"potentialAction\":[{\"@type\":\"SearchAction\",\"target\":{\"@type\":\"EntryPoint\",\"urlTemplate\":\"https:\/\/agrohub.com.br\/?s={search_term_string}\"},\"query-input\":{\"@type\":\"PropertyValueSpecification\",\"valueRequired\":true,\"valueName\":\"search_term_string\"}}],\"inLanguage\":\"es\"}]}<\/script>\n<!-- \/ Yoast SEO plugin. -->","yoast_head_json":{"title":"Multi Fazendas - AgroHUB+","robots":{"index":"index","follow":"follow","max-snippet":"max-snippet:-1","max-image-preview":"max-image-preview:large","max-video-preview":"max-video-preview:-1"},"canonical":"https:\/\/agrohub.com.br\/es\/agrohub-mais\/multi-fazendas\/","og_locale":"es_ES","og_type":"article","og_title":"Multi Fazendas - AgroHUB+","og_description":"Para grupos de fazendas, oferecemos uma solu\u00e7\u00e3o integrada. As fazendas do grupo contam com o AgroHUB para gerenciar suas a\u00e7\u00f5es do dia a dia, cada uma com sua rotina, funcion\u00e1rios e opera\u00e7\u00f5es. Os dados [&hellip;]","og_url":"https:\/\/agrohub.com.br\/es\/agrohub-mais\/multi-fazendas\/","og_site_name":"AgroHUB","article_modified_time":"2024-03-04T23:39:57+00:00","og_image":[{"width":317,"height":304,"url":"https:\/\/agrohub.com.br\/wp-content\/uploads\/2022\/06\/multiFazendas.webp","type":"image\/webp"}],"twitter_card":"summary_large_image","twitter_misc":{"Tiempo de lectura":"1 minuto"},"schema":{"@context":"https:\/\/schema.org","@graph":[{"@type":"WebPage","@id":"https:\/\/agrohub.com.br\/agrohub-mais\/multi-fazendas\/","url":"https:\/\/agrohub.com.br\/agrohub-mais\/multi-fazendas\/","name":"Multi Fazendas - AgroHUB+","isPartOf":{"@id":"https:\/\/agrohub.com.br\/#website"},"primaryImageOfPage":{"@id":"https:\/\/agrohub.com.br\/agrohub-mais\/multi-fazendas\/#primaryimage"},"image":{"@id":"https:\/\/agrohub.com.br\/agrohub-mais\/multi-fazendas\/#primaryimage"},"thumbnailUrl":"https:\/\/agrohub.com.br\/wp-content\/uploads\/2022\/06\/multiFazendas.webp","datePublished":"2022-06-06T21:43:08+00:00","dateModified":"2024-03-04T23:39:57+00:00","breadcrumb":{"@id":"https:\/\/agrohub.com.br\/agrohub-mais\/multi-fazendas\/#breadcrumb"},"inLanguage":"es","potentialAction":[{"@type":"ReadAction","target":["https:\/\/agrohub.com.br\/agrohub-mais\/multi-fazendas\/"]}]},{"@type":"ImageObject","inLanguage":"es","@id":"https:\/\/agrohub.com.br\/agrohub-mais\/multi-fazendas\/#primaryimage","url":"https:\/\/agrohub.com.br\/wp-content\/uploads\/2022\/06\/multiFazendas.webp","contentUrl":"https:\/\/agrohub.com.br\/wp-content\/uploads\/2022\/06\/multiFazendas.webp","width":317,"height":304},{"@type":"BreadcrumbList","@id":"https:\/\/agrohub.com.br\/agrohub-mais\/multi-fazendas\/#breadcrumb","itemListElement":[{"@type":"ListItem","position":1,"name":"In\u00edcio","item":"https:\/\/agrohub.com.br\/"},{"@type":"ListItem","position":2,"name":"AgroHUB+","item":"https:\/\/agrohub.com.br\/agrohub-mais\/"},{"@type":"ListItem","position":3,"name":"Multi Fazendas"}]},{"@type":"WebSite","@id":"https:\/\/agrohub.com.br\/#website","url":"https:\/\/agrohub.com.br\/","name":"AgroHUB","description":"","potentialAction":[{"@type":"SearchAction","target":{"@type":"EntryPoint","urlTemplate":"https:\/\/agrohub.com.br\/?s={search_term_string}"},"query-input":{"@type":"PropertyValueSpecification","valueRequired":true,"valueName":"search_term_string"}}],"inLanguage":"es"}]}},"_links":{"self":[{"href":"https:\/\/agrohub.com.br\/es\/wp-json\/wp\/v2\/pages\/1543","targetHints":{"allow":["GET"]}}],"collection":[{"href":"https:\/\/agrohub.com.br\/es\/wp-json\/wp\/v2\/pages"}],"about":[{"href":"https:\/\/agrohub.com.br\/es\/wp-json\/wp\/v2\/types\/page"}],"author":[{"embeddable":true,"href":"https:\/\/agrohub.com.br\/es\/wp-json\/wp\/v2\/users\/1"}],"replies":[{"embeddable":true,"href":"https:\/\/agrohub.com.br\/es\/wp-json\/wp\/v2\/comments?post=1543"}],"version-history":[{"count":3,"href":"https:\/\/agrohub.com.br\/es\/wp-json\/wp\/v2\/pages\/1543\/revisions"}],"predecessor-version":[{"id":2106,"href":"https:\/\/agrohub.com.br\/es\/wp-json\/wp\/v2\/pages\/1543\/revisions\/2106"}],"up":[{"embeddable":true,"href":"https:\/\/agrohub.com.br\/es\/wp-json\/wp\/v2\/pages\/1515"}],"wp:featuredmedia":[{"embeddable":true,"href":"https:\/\/agrohub.com.br\/es\/wp-json\/wp\/v2\/media\/1562"}],"wp:attachment":[{"href":"https:\/\/agrohub.com.br\/es\/wp-json\/wp\/v2\/media?parent=1543"}],"curies":[{"name":"wp","href":"https:\/\/api.w.org\/{rel}","templated":true}]}}