{"id":1867,"date":"2023-11-10T15:02:10","date_gmt":"2023-11-10T18:02:10","guid":{"rendered":"https:\/\/agrohub.com.br\/?page_id=1867"},"modified":"2023-11-10T15:02:10","modified_gmt":"2023-11-10T18:02:10","slug":"escritorio-virtual","status":"publish","type":"page","link":"https:\/\/agrohub.com.br\/es\/agrohub-mais\/escritorio-virtual\/","title":{"rendered":"Escrit\u00f3rio virtual"},"content":{"rendered":"<p>Aumente a efici\u00eancia nos controles de dados financeiros, gere informa\u00e7\u00f5es mais seguras e tome decis\u00f5es com maior assertividade. Atrav\u00e9s de nossos servi\u00e7os, voc\u00ea poder\u00e1 ter maior flexibilidade para se concentrar nos neg\u00f3cios da fazenda. Uma boa gest\u00e3o financeira permite ao produtor rural controlar seus gastos, gerenciar seus recursos financeiros de forma eficiente, realizar o planejamento financeiro e o monitoramento constante do fluxo de caixa. Se o seu objetivo \u00e9 tornar sua propriedade rural cada vez mais eficiente e lucrativa, o Escrit\u00f3rio Virtual traz para voc\u00ea a Controladoria Financeira Online:<\/p>","protected":false},"excerpt":{"rendered":"<p>Aumente a efici\u00eancia nos controles de dados financeiros, gere informa\u00e7\u00f5es mais seguras e tome decis\u00f5es com maior assertividade. Atrav\u00e9s de nossos servi\u00e7os, voc\u00ea poder\u00e1 ter maior flexibilidade para se concentrar nos neg\u00f3cios da fazenda. [&hellip;]<\/p>\n","protected":false},"author":1,"featured_media":1875,"parent":1515,"menu_order":25,"comment_status":"closed","ping_status":"closed","template":"page-plus.php","meta":{"_acf_changed":false,"_eb_attr":"","_joinchat":[],"footnotes":""},"class_list":["post-1867","page","type-page","status-publish","has-post-thumbnail","hentry"],"acf":[],"yoast_head":"<!-- This site is optimized with the Yoast SEO plugin v27.0 - https:\/\/yoast.com\/product\/yoast-seo-wordpress\/ -->\n<title>Escrit\u00f3rio virtual - AgroHUB<\/title>\n<meta name=\"robots\" content=\"index, follow, max-snippet:-1, max-image-preview:large, max-video-preview:-1\" \/>\n<link rel=\"canonical\" href=\"https:\/\/agrohub.com.br\/es\/agrohub-mais\/escritorio-virtual\/\" \/>\n<meta property=\"og:locale\" content=\"es_ES\" \/>\n<meta property=\"og:type\" content=\"article\" \/>\n<meta property=\"og:title\" content=\"Escrit\u00f3rio virtual - AgroHUB\" \/>\n<meta property=\"og:description\" content=\"Aumente a efici\u00eancia nos controles de dados financeiros, gere informa\u00e7\u00f5es mais seguras e tome decis\u00f5es com maior assertividade. Atrav\u00e9s de nossos servi\u00e7os, voc\u00ea poder\u00e1 ter maior flexibilidade para se concentrar nos neg\u00f3cios da fazenda. [&hellip;]\" \/>\n<meta property=\"og:url\" content=\"https:\/\/agrohub.com.br\/es\/agrohub-mais\/escritorio-virtual\/\" \/>\n<meta property=\"og:site_name\" content=\"AgroHUB\" \/>\n<meta property=\"og:image\" content=\"https:\/\/agrohub.com.br\/wp-content\/uploads\/2023\/10\/Banners-da-primeira-tela-escritA\u00b3rio-virtual.png\" \/>\n\t<meta property=\"og:image:width\" content=\"317\" \/>\n\t<meta property=\"og:image:height\" content=\"304\" \/>\n\t<meta property=\"og:image:type\" content=\"image\/png\" \/>\n<meta name=\"twitter:card\" content=\"summary_large_image\" \/>\n<meta name=\"twitter:label1\" content=\"Tiempo de lectura\" \/>\n\t<meta name=\"twitter:data1\" content=\"1 minuto\" \/>\n<script type=\"application\/ld+json\" class=\"yoast-schema-graph\">{\"@context\":\"https:\/\/schema.org\",\"@graph\":[{\"@type\":\"WebPage\",\"@id\":\"https:\/\/agrohub.com.br\/agrohub-mais\/escritorio-virtual\/\",\"url\":\"https:\/\/agrohub.com.br\/agrohub-mais\/escritorio-virtual\/\",\"name\":\"Escrit\u00f3rio virtual - AgroHUB\",\"isPartOf\":{\"@id\":\"https:\/\/agrohub.com.br\/#website\"},\"primaryImageOfPage\":{\"@id\":\"https:\/\/agrohub.com.br\/agrohub-mais\/escritorio-virtual\/#primaryimage\"},\"image\":{\"@id\":\"https:\/\/agrohub.com.br\/agrohub-mais\/escritorio-virtual\/#primaryimage\"},\"thumbnailUrl\":\"https:\/\/agrohub.com.br\/wp-content\/uploads\/2023\/10\/Banners-da-primeira-tela-escritA\u00b3rio-virtual.png\",\"datePublished\":\"2023-11-10T18:02:10+00:00\",\"breadcrumb\":{\"@id\":\"https:\/\/agrohub.com.br\/agrohub-mais\/escritorio-virtual\/#breadcrumb\"},\"inLanguage\":\"es\",\"potentialAction\":[{\"@type\":\"ReadAction\",\"target\":[\"https:\/\/agrohub.com.br\/agrohub-mais\/escritorio-virtual\/\"]}]},{\"@type\":\"ImageObject\",\"inLanguage\":\"es\",\"@id\":\"https:\/\/agrohub.com.br\/agrohub-mais\/escritorio-virtual\/#primaryimage\",\"url\":\"https:\/\/agrohub.com.br\/wp-content\/uploads\/2023\/10\/Banners-da-primeira-tela-escritA\u00b3rio-virtual.png\",\"contentUrl\":\"https:\/\/agrohub.com.br\/wp-content\/uploads\/2023\/10\/Banners-da-primeira-tela-escritA\u00b3rio-virtual.png\",\"width\":317,\"height\":304},{\"@type\":\"BreadcrumbList\",\"@id\":\"https:\/\/agrohub.com.br\/agrohub-mais\/escritorio-virtual\/#breadcrumb\",\"itemListElement\":[{\"@type\":\"ListItem\",\"position\":1,\"name\":\"In\u00edcio\",\"item\":\"https:\/\/agrohub.com.br\/\"},{\"@type\":\"ListItem\",\"position\":2,\"name\":\"AgroHUB+\",\"item\":\"https:\/\/agrohub.com.br\/agrohub-mais\/\"},{\"@type\":\"ListItem\",\"position\":3,\"name\":\"Escrit\u00f3rio virtual\"}]},{\"@type\":\"WebSite\",\"@id\":\"https:\/\/agrohub.com.br\/#website\",\"url\":\"https:\/\/agrohub.com.br\/\",\"name\":\"AgroHUB\",\"description\":\"\",\"potentialAction\":[{\"@type\":\"SearchAction\",\"target\":{\"@type\":\"EntryPoint\",\"urlTemplate\":\"https:\/\/agrohub.com.br\/?s={search_term_string}\"},\"query-input\":{\"@type\":\"PropertyValueSpecification\",\"valueRequired\":true,\"valueName\":\"search_term_string\"}}],\"inLanguage\":\"es\"}]}<\/script>\n<!-- \/ Yoast SEO plugin. -->","yoast_head_json":{"title":"Escrit\u00f3rio virtual - AgroHUB","robots":{"index":"index","follow":"follow","max-snippet":"max-snippet:-1","max-image-preview":"max-image-preview:large","max-video-preview":"max-video-preview:-1"},"canonical":"https:\/\/agrohub.com.br\/es\/agrohub-mais\/escritorio-virtual\/","og_locale":"es_ES","og_type":"article","og_title":"Escrit\u00f3rio virtual - AgroHUB","og_description":"Aumente a efici\u00eancia nos controles de dados financeiros, gere informa\u00e7\u00f5es mais seguras e tome decis\u00f5es com maior assertividade. Atrav\u00e9s de nossos servi\u00e7os, voc\u00ea poder\u00e1 ter maior flexibilidade para se concentrar nos neg\u00f3cios da fazenda. [&hellip;]","og_url":"https:\/\/agrohub.com.br\/es\/agrohub-mais\/escritorio-virtual\/","og_site_name":"AgroHUB","og_image":[{"width":317,"height":304,"url":"https:\/\/agrohub.com.br\/wp-content\/uploads\/2023\/10\/Banners-da-primeira-tela-escritA\u00b3rio-virtual.png","type":"image\/png"}],"twitter_card":"summary_large_image","twitter_misc":{"Tiempo de lectura":"1 minuto"},"schema":{"@context":"https:\/\/schema.org","@graph":[{"@type":"WebPage","@id":"https:\/\/agrohub.com.br\/agrohub-mais\/escritorio-virtual\/","url":"https:\/\/agrohub.com.br\/agrohub-mais\/escritorio-virtual\/","name":"Escrit\u00f3rio virtual - AgroHUB","isPartOf":{"@id":"https:\/\/agrohub.com.br\/#website"},"primaryImageOfPage":{"@id":"https:\/\/agrohub.com.br\/agrohub-mais\/escritorio-virtual\/#primaryimage"},"image":{"@id":"https:\/\/agrohub.com.br\/agrohub-mais\/escritorio-virtual\/#primaryimage"},"thumbnailUrl":"https:\/\/agrohub.com.br\/wp-content\/uploads\/2023\/10\/Banners-da-primeira-tela-escritA\u00b3rio-virtual.png","datePublished":"2023-11-10T18:02:10+00:00","breadcrumb":{"@id":"https:\/\/agrohub.com.br\/agrohub-mais\/escritorio-virtual\/#breadcrumb"},"inLanguage":"es","potentialAction":[{"@type":"ReadAction","target":["https:\/\/agrohub.com.br\/agrohub-mais\/escritorio-virtual\/"]}]},{"@type":"ImageObject","inLanguage":"es","@id":"https:\/\/agrohub.com.br\/agrohub-mais\/escritorio-virtual\/#primaryimage","url":"https:\/\/agrohub.com.br\/wp-content\/uploads\/2023\/10\/Banners-da-primeira-tela-escritA\u00b3rio-virtual.png","contentUrl":"https:\/\/agrohub.com.br\/wp-content\/uploads\/2023\/10\/Banners-da-primeira-tela-escritA\u00b3rio-virtual.png","width":317,"height":304},{"@type":"BreadcrumbList","@id":"https:\/\/agrohub.com.br\/agrohub-mais\/escritorio-virtual\/#breadcrumb","itemListElement":[{"@type":"ListItem","position":1,"name":"In\u00edcio","item":"https:\/\/agrohub.com.br\/"},{"@type":"ListItem","position":2,"name":"AgroHUB+","item":"https:\/\/agrohub.com.br\/agrohub-mais\/"},{"@type":"ListItem","position":3,"name":"Escrit\u00f3rio virtual"}]},{"@type":"WebSite","@id":"https:\/\/agrohub.com.br\/#website","url":"https:\/\/agrohub.com.br\/","name":"AgroHUB","description":"","potentialAction":[{"@type":"SearchAction","target":{"@type":"EntryPoint","urlTemplate":"https:\/\/agrohub.com.br\/?s={search_term_string}"},"query-input":{"@type":"PropertyValueSpecification","valueRequired":true,"valueName":"search_term_string"}}],"inLanguage":"es"}]}},"_links":{"self":[{"href":"https:\/\/agrohub.com.br\/es\/wp-json\/wp\/v2\/pages\/1867","targetHints":{"allow":["GET"]}}],"collection":[{"href":"https:\/\/agrohub.com.br\/es\/wp-json\/wp\/v2\/pages"}],"about":[{"href":"https:\/\/agrohub.com.br\/es\/wp-json\/wp\/v2\/types\/page"}],"author":[{"embeddable":true,"href":"https:\/\/agrohub.com.br\/es\/wp-json\/wp\/v2\/users\/1"}],"replies":[{"embeddable":true,"href":"https:\/\/agrohub.com.br\/es\/wp-json\/wp\/v2\/comments?post=1867"}],"version-history":[{"count":10,"href":"https:\/\/agrohub.com.br\/es\/wp-json\/wp\/v2\/pages\/1867\/revisions"}],"predecessor-version":[{"id":2068,"href":"https:\/\/agrohub.com.br\/es\/wp-json\/wp\/v2\/pages\/1867\/revisions\/2068"}],"up":[{"embeddable":true,"href":"https:\/\/agrohub.com.br\/es\/wp-json\/wp\/v2\/pages\/1515"}],"wp:featuredmedia":[{"embeddable":true,"href":"https:\/\/agrohub.com.br\/es\/wp-json\/wp\/v2\/media\/1875"}],"wp:attachment":[{"href":"https:\/\/agrohub.com.br\/es\/wp-json\/wp\/v2\/media?parent=1867"}],"curies":[{"name":"wp","href":"https:\/\/api.w.org\/{rel}","templated":true}]}}